{"id":1017,"date":"2015-01-10T11:13:57","date_gmt":"2015-01-10T11:13:57","guid":{"rendered":"http:\/\/www.orhideje-bk.eu\/?page_id=1017"},"modified":"2026-01-03T10:05:54","modified_gmt":"2026-01-03T10:05:54","slug":"navadna-splavka-2","status":"publish","type":"page","link":"https:\/\/www.orhideje-bk.eu\/?page_id=1017","title":{"rendered":"navadna splavka"},"content":{"rendered":"<div id=\"pl-1017\"  class=\"panel-layout\" ><div id=\"pg-1017-0\"  class=\"panel-grid panel-no-style\" ><div id=\"pgc-1017-0-0\"  class=\"panel-grid-cell\" ><div id=\"panel-1017-0-0-0\" class=\"so-panel widget widget_text panel-first-child panel-last-child\" data-index=\"0\" ><h3 class=\"widget-title\">Limodorum abortivum<\/h3>\t\t\t<div class=\"textwidget\"><\/div>\n\t\t<\/div><\/div><\/div><div id=\"pg-1017-1\"  class=\"panel-grid panel-no-style\" ><div id=\"pgc-1017-1-0\"  class=\"panel-grid-cell\" ><div id=\"panel-1017-1-0-0\" class=\"so-panel widget widget_sow-image panel-first-child\" data-index=\"1\" ><div\n\t\t\t\n\t\t\tclass=\"so-widget-sow-image so-widget-sow-image-default-8b5b6f678277-1017\"\n\t\t\t\n\t\t>\n<div class=\"sow-image-container\">\n\t\t<img \n\tsrc=\"https:\/\/www.orhideje-bk.eu\/wp-content\/uploads\/2015\/01\/L_abortivum_levo_DSC_1188.jpg\" width=\"266\" height=\"400\" srcset=\"https:\/\/www.orhideje-bk.eu\/wp-content\/uploads\/2015\/01\/L_abortivum_levo_DSC_1188.jpg 266w, https:\/\/www.orhideje-bk.eu\/wp-content\/uploads\/2015\/01\/L_abortivum_levo_DSC_1188-200x300.jpg 200w, https:\/\/www.orhideje-bk.eu\/wp-content\/uploads\/2015\/01\/L_abortivum_levo_DSC_1188-100x150.jpg 100w\" sizes=\"(max-width: 266px) 100vw, 266px\" alt=\"\" \t\tclass=\"so-widget-image\"\/>\n\t<\/div>\n\n<\/div><\/div><div id=\"panel-1017-1-0-1\" class=\"so-panel widget widget_sow-image panel-last-child\" data-index=\"2\" ><div\n\t\t\t\n\t\t\tclass=\"so-widget-sow-image so-widget-sow-image-default-8b5b6f678277-1017\"\n\t\t\t\n\t\t>\n<div class=\"sow-image-container\">\n\t\t<img \n\tsrc=\"https:\/\/www.orhideje-bk.eu\/wp-content\/uploads\/2026\/01\/DSC_1636.jpg\" width=\"512\" height=\"769\" srcset=\"https:\/\/www.orhideje-bk.eu\/wp-content\/uploads\/2026\/01\/DSC_1636.jpg 512w, https:\/\/www.orhideje-bk.eu\/wp-content\/uploads\/2026\/01\/DSC_1636-200x300.jpg 200w, https:\/\/www.orhideje-bk.eu\/wp-content\/uploads\/2026\/01\/DSC_1636-1x2.jpg 1w\" sizes=\"(max-width: 512px) 100vw, 512px\" alt=\"\" \t\tclass=\"so-widget-image\"\/>\n\t<\/div>\n\n<\/div><\/div><\/div><div id=\"pgc-1017-1-1\"  class=\"panel-grid-cell\" ><div id=\"panel-1017-1-1-0\" class=\"so-panel widget widget_text panel-first-child\" data-index=\"3\" ><div class=\"panel-widget-style panel-widget-style-for-1017-1-1-0\" ><h3 class=\"widget-title\">Izvor imena:<\/h3>\t\t\t<div class=\"textwidget\"><p>- limodorum - ime Limodoron je uporablja \u017ee Teofrast<br \/>\n- abortivum - prekinjeno, kar se nana\u0161a na liste, ki so zakrneli ali jih sploh ni.<\/p>\n<\/div>\n\t\t<\/div><\/div><div id=\"panel-1017-1-1-1\" class=\"so-panel widget widget_text\" data-index=\"4\" ><h3 class=\"widget-title\">\u010cas cvetenja:<\/h3>\t\t\t<div class=\"textwidget\"><p>maj, junij<\/p>\n<\/div>\n\t\t<\/div><div id=\"panel-1017-1-1-2\" class=\"so-panel widget widget_text panel-last-child\" data-index=\"5\" ><h3 class=\"widget-title\">Zanimivosti:<\/h3>\t\t\t<div class=\"textwidget\"><p>V Beli krajini redka vrsta, ki pa je na nekaj rasti\u0161\u010dih zelo \u0161tevil\u010dna &#8211; nad 30 osebkov. Navadno raste na suhih travnikih v neposredni bli\u017eini gozda ali na gozdnem robu in je toploljubna vrsta.<\/p>\n<figure id=\"attachment_6415\" aria-describedby=\"caption-attachment-6415\" style=\"width: 512px\" class=\"wp-caption aligncenter\"><img loading=\"lazy\" decoding=\"async\" class=\"wp-image-6415 size-full\" src=\"https:\/\/www.orhideje-bk.eu\/wp-content\/uploads\/2026\/01\/DSC_7774.jpg\" alt=\"\" width=\"512\" height=\"769\" srcset=\"https:\/\/www.orhideje-bk.eu\/wp-content\/uploads\/2026\/01\/DSC_7774.jpg 512w, https:\/\/www.orhideje-bk.eu\/wp-content\/uploads\/2026\/01\/DSC_7774-200x300.jpg 200w, https:\/\/www.orhideje-bk.eu\/wp-content\/uploads\/2026\/01\/DSC_7774-1x2.jpg 1w\" sizes=\"auto, (max-width: 512px) 100vw, 512px\" \/><figcaption id=\"caption-attachment-6415\" class=\"wp-caption-text\">Del velike populacije v okolici Preloke<\/figcaption><\/figure>\n<p>Biologija navadne splavke ni natan\u010dno poznana. Nekateri jo smatrajo kot parazitsko vrsto, ker so odkrili njene korenine povezane s koreninami zelenih rastlin. Dejstvo je, da je skozi celotno \u017eivljenjsko dobo odvisna od mikoriznega razmerja z glivami in, da vsebuje klorofil &#8211; predvsem v steblu. Navadno nima dobro razvitih listov. V Beli krajini je po pravilu najdena v bli\u017eini hrastov.<\/p>\n<\/div>\n\t\t<\/div><\/div><div id=\"pgc-1017-1-2\"  class=\"panel-grid-cell\" ><div id=\"panel-1017-1-2-0\" class=\"so-panel widget widget_simpleimage panel-first-child panel-last-child\" data-index=\"6\" >\n<h3 class=\"widget-title\">Najdi\u0161\u010da:<\/h3>\n\t<p class=\"simple-image\">\n\t\t<img loading=\"lazy\" decoding=\"async\" width=\"799\" height=\"916\" src=\"https:\/\/www.orhideje-bk.eu\/wp-content\/uploads\/2024\/11\/Limodorum-abortivum.png\" class=\"attachment-full size-full\" alt=\"\" srcset=\"https:\/\/www.orhideje-bk.eu\/wp-content\/uploads\/2024\/11\/Limodorum-abortivum.png 799w, https:\/\/www.orhideje-bk.eu\/wp-content\/uploads\/2024\/11\/Limodorum-abortivum-262x300.png 262w, https:\/\/www.orhideje-bk.eu\/wp-content\/uploads\/2024\/11\/Limodorum-abortivum-768x880.png 768w, https:\/\/www.orhideje-bk.eu\/wp-content\/uploads\/2024\/11\/Limodorum-abortivum-1x1.png 1w\" sizes=\"auto, (max-width: 799px) 100vw, 799px\" \/>\t<\/p>\n\n\n<\/div><\/div><\/div><div id=\"pg-1017-2\"  class=\"panel-grid panel-no-style\" ><div id=\"pgc-1017-2-0\"  class=\"panel-grid-cell\" ><div id=\"panel-1017-2-0-0\" class=\"so-panel widget widget_slideshow panel-first-child panel-last-child\" data-index=\"7\"><h3 class=\"widget-title\">Slideshow<\/h3><div class=\"ngg_slideshow widget\">\n\t\n<div class=\"ngg-galleryoverview ngg-slideshow\"\n\tid=\"ngg-slideshow-cde1d5fa7ee4ff55a820f613366059c4-7665807900\"\n\tdata-nextgen-gallery-id=\"24\"\n\tdata-gallery-id=\"cde1d5fa7ee4ff55a820f613366059c4\"\n\t\tdata-gallery-name=\"l_abortivum\"\n\t\tstyle=\"max-width: 400px;\n\t\t\tmax-height: 400px;\n\t\t\tdisplay: none;\">\n\n\t\n\t\t<a href=\"https:\/\/www.orhideje-bk.eu\/wp-content\/gallery\/l_abortivum\/L_abortivum_DSC_1178.jpg?t=1609232735\"\n\t\t\ttitle=\"\"\n\t\t\tdata-src=\"https:\/\/www.orhideje-bk.eu\/wp-content\/gallery\/l_abortivum\/L_abortivum_DSC_1178.jpg?t=1609232735\"\n\t\t\tdata-thumbnail=\"https:\/\/www.orhideje-bk.eu\/wp-content\/gallery\/l_abortivum\/thumbs\/thumbs_L_abortivum_DSC_1178.jpg?t=1609232735\"\n\t\t\tdata-image-id=\"1467\"\n\t\t\tdata-image-name=\"L_abortivum_DSC_1178.jpg\"\n\t\t\tdata-title=\"L_abortivum\"\n\t\t\tdata-description=\"\"\n\t\t\t\t\t\t\t\t\t\t\t\t\t\t\tclass=\"ngg-simplelightbox\" rel=\"cde1d5fa7ee4ff55a820f613366059c4\">\n\t\t\t\n\t\t\t<img data-image-id='1467'\n\t\t\t\ttitle=\"\"\n\t\t\t\talt=\"L_abortivum\"\n\t\t\t\tsrc=\"https:\/\/www.orhideje-bk.eu\/wp-content\/gallery\/l_abortivum\/L_abortivum_DSC_1178.jpg?t=1609232735\"\n\t\t\t\tstyle=\"max-height: 380px;\"\/>\n\t\t<\/a>\n\n\t\t\n\t\t<a href=\"https:\/\/www.orhideje-bk.eu\/wp-content\/gallery\/l_abortivum\/L_abortivum_DSC_1180.jpg?t=1609232746\"\n\t\t\ttitle=\"\"\n\t\t\tdata-src=\"https:\/\/www.orhideje-bk.eu\/wp-content\/gallery\/l_abortivum\/L_abortivum_DSC_1180.jpg?t=1609232746\"\n\t\t\tdata-thumbnail=\"https:\/\/www.orhideje-bk.eu\/wp-content\/gallery\/l_abortivum\/thumbs\/thumbs_L_abortivum_DSC_1180.jpg?t=1609232746\"\n\t\t\tdata-image-id=\"1468\"\n\t\t\tdata-image-name=\"L_abortivum_DSC_1180.jpg\"\n\t\t\tdata-title=\"L_abortivum\"\n\t\t\tdata-description=\"\"\n\t\t\t\t\t\t\t\t\t\t\t\t\t\t\tclass=\"ngg-simplelightbox\" rel=\"cde1d5fa7ee4ff55a820f613366059c4\">\n\t\t\t\n\t\t\t<img data-image-id='1468'\n\t\t\t\ttitle=\"\"\n\t\t\t\talt=\"L_abortivum\"\n\t\t\t\tsrc=\"https:\/\/www.orhideje-bk.eu\/wp-content\/gallery\/l_abortivum\/L_abortivum_DSC_1180.jpg?t=1609232746\"\n\t\t\t\tstyle=\"max-height: 380px;\"\/>\n\t\t<\/a>\n\n\t\t\n\t\t<a href=\"https:\/\/www.orhideje-bk.eu\/wp-content\/gallery\/l_abortivum\/L_abortivum_DSC_1632.jpg?t=1609232753\"\n\t\t\ttitle=\"\"\n\t\t\tdata-src=\"https:\/\/www.orhideje-bk.eu\/wp-content\/gallery\/l_abortivum\/L_abortivum_DSC_1632.jpg?t=1609232753\"\n\t\t\tdata-thumbnail=\"https:\/\/www.orhideje-bk.eu\/wp-content\/gallery\/l_abortivum\/thumbs\/thumbs_L_abortivum_DSC_1632.jpg?t=1609232753\"\n\t\t\tdata-image-id=\"1469\"\n\t\t\tdata-image-name=\"L_abortivum_DSC_1632.jpg\"\n\t\t\tdata-title=\"L_abortivum\"\n\t\t\tdata-description=\"\"\n\t\t\t\t\t\t\t\t\t\t\t\t\t\t\tclass=\"ngg-simplelightbox\" rel=\"cde1d5fa7ee4ff55a820f613366059c4\">\n\t\t\t\n\t\t\t<img data-image-id='1469'\n\t\t\t\ttitle=\"\"\n\t\t\t\talt=\"L_abortivum\"\n\t\t\t\tsrc=\"https:\/\/www.orhideje-bk.eu\/wp-content\/gallery\/l_abortivum\/L_abortivum_DSC_1632.jpg?t=1609232753\"\n\t\t\t\tstyle=\"max-height: 380px;\"\/>\n\t\t<\/a>\n\n\t\t\n\t\t<a href=\"https:\/\/www.orhideje-bk.eu\/wp-content\/gallery\/l_abortivum\/L_abortivum_DSC_1634.jpg?t=1609232762\"\n\t\t\ttitle=\"\"\n\t\t\tdata-src=\"https:\/\/www.orhideje-bk.eu\/wp-content\/gallery\/l_abortivum\/L_abortivum_DSC_1634.jpg?t=1609232762\"\n\t\t\tdata-thumbnail=\"https:\/\/www.orhideje-bk.eu\/wp-content\/gallery\/l_abortivum\/thumbs\/thumbs_L_abortivum_DSC_1634.jpg?t=1609232762\"\n\t\t\tdata-image-id=\"1470\"\n\t\t\tdata-image-name=\"L_abortivum_DSC_1634.jpg\"\n\t\t\tdata-title=\"L_abortivum\"\n\t\t\tdata-description=\"\"\n\t\t\t\t\t\t\t\t\t\t\t\t\t\t\tclass=\"ngg-simplelightbox\" rel=\"cde1d5fa7ee4ff55a820f613366059c4\">\n\t\t\t\n\t\t\t<img data-image-id='1470'\n\t\t\t\ttitle=\"\"\n\t\t\t\talt=\"L_abortivum\"\n\t\t\t\tsrc=\"https:\/\/www.orhideje-bk.eu\/wp-content\/gallery\/l_abortivum\/L_abortivum_DSC_1634.jpg?t=1609232762\"\n\t\t\t\tstyle=\"max-height: 380px;\"\/>\n\t\t<\/a>\n\n\t\t\n\t\t<a href=\"https:\/\/www.orhideje-bk.eu\/wp-content\/gallery\/l_abortivum\/L_abortivum_DSC_1636.jpg?t=1609232775\"\n\t\t\ttitle=\"\"\n\t\t\tdata-src=\"https:\/\/www.orhideje-bk.eu\/wp-content\/gallery\/l_abortivum\/L_abortivum_DSC_1636.jpg?t=1609232775\"\n\t\t\tdata-thumbnail=\"https:\/\/www.orhideje-bk.eu\/wp-content\/gallery\/l_abortivum\/thumbs\/thumbs_L_abortivum_DSC_1636.jpg?t=1609232775\"\n\t\t\tdata-image-id=\"1471\"\n\t\t\tdata-image-name=\"L_abortivum_DSC_1636.jpg\"\n\t\t\tdata-title=\"L_abortivum\"\n\t\t\tdata-description=\"\"\n\t\t\t\t\t\t\t\t\t\t\t\t\t\t\tclass=\"ngg-simplelightbox\" rel=\"cde1d5fa7ee4ff55a820f613366059c4\">\n\t\t\t\n\t\t\t<img data-image-id='1471'\n\t\t\t\ttitle=\"\"\n\t\t\t\talt=\"L_abortivum\"\n\t\t\t\tsrc=\"https:\/\/www.orhideje-bk.eu\/wp-content\/gallery\/l_abortivum\/L_abortivum_DSC_1636.jpg?t=1609232775\"\n\t\t\t\tstyle=\"max-height: 380px;\"\/>\n\t\t<\/a>\n\n\t\t\n\t\t<a href=\"https:\/\/www.orhideje-bk.eu\/wp-content\/gallery\/l_abortivum\/L_abortivum_DSC_1639.jpg?t=1609232787\"\n\t\t\ttitle=\"\"\n\t\t\tdata-src=\"https:\/\/www.orhideje-bk.eu\/wp-content\/gallery\/l_abortivum\/L_abortivum_DSC_1639.jpg?t=1609232787\"\n\t\t\tdata-thumbnail=\"https:\/\/www.orhideje-bk.eu\/wp-content\/gallery\/l_abortivum\/thumbs\/thumbs_L_abortivum_DSC_1639.jpg?t=1609232787\"\n\t\t\tdata-image-id=\"1472\"\n\t\t\tdata-image-name=\"L_abortivum_DSC_1639.jpg\"\n\t\t\tdata-title=\"L_abortivum\"\n\t\t\tdata-description=\"\"\n\t\t\t\t\t\t\t\t\t\t\t\t\t\t\tclass=\"ngg-simplelightbox\" rel=\"cde1d5fa7ee4ff55a820f613366059c4\">\n\t\t\t\n\t\t\t<img data-image-id='1472'\n\t\t\t\ttitle=\"\"\n\t\t\t\talt=\"L_abortivum\"\n\t\t\t\tsrc=\"https:\/\/www.orhideje-bk.eu\/wp-content\/gallery\/l_abortivum\/L_abortivum_DSC_1639.jpg?t=1609232787\"\n\t\t\t\tstyle=\"max-height: 380px;\"\/>\n\t\t<\/a>\n\n\t\t\n\t\t<a href=\"https:\/\/www.orhideje-bk.eu\/wp-content\/gallery\/l_abortivum\/L_abortivum_DSC_1964.jpg?t=1609232801\"\n\t\t\ttitle=\"\"\n\t\t\tdata-src=\"https:\/\/www.orhideje-bk.eu\/wp-content\/gallery\/l_abortivum\/L_abortivum_DSC_1964.jpg?t=1609232801\"\n\t\t\tdata-thumbnail=\"https:\/\/www.orhideje-bk.eu\/wp-content\/gallery\/l_abortivum\/thumbs\/thumbs_L_abortivum_DSC_1964.jpg?t=1609232801\"\n\t\t\tdata-image-id=\"1473\"\n\t\t\tdata-image-name=\"L_abortivum_DSC_1964.jpg\"\n\t\t\tdata-title=\"L_abortivum\"\n\t\t\tdata-description=\"\"\n\t\t\t\t\t\t\t\t\t\t\t\t\t\t\tclass=\"ngg-simplelightbox\" rel=\"cde1d5fa7ee4ff55a820f613366059c4\">\n\t\t\t\n\t\t\t<img data-image-id='1473'\n\t\t\t\ttitle=\"\"\n\t\t\t\talt=\"L_abortivum\"\n\t\t\t\tsrc=\"https:\/\/www.orhideje-bk.eu\/wp-content\/gallery\/l_abortivum\/L_abortivum_DSC_1964.jpg?t=1609232801\"\n\t\t\t\tstyle=\"max-height: 380px;\"\/>\n\t\t<\/a>\n\n\t\t\n\t\t<a href=\"https:\/\/www.orhideje-bk.eu\/wp-content\/gallery\/l_abortivum\/L_abortivum_DSC_2164.jpg?t=1609232813\"\n\t\t\ttitle=\"\"\n\t\t\tdata-src=\"https:\/\/www.orhideje-bk.eu\/wp-content\/gallery\/l_abortivum\/L_abortivum_DSC_2164.jpg?t=1609232813\"\n\t\t\tdata-thumbnail=\"https:\/\/www.orhideje-bk.eu\/wp-content\/gallery\/l_abortivum\/thumbs\/thumbs_L_abortivum_DSC_2164.jpg?t=1609232813\"\n\t\t\tdata-image-id=\"1474\"\n\t\t\tdata-image-name=\"L_abortivum_DSC_2164.jpg\"\n\t\t\tdata-title=\"L_abortivum\"\n\t\t\tdata-description=\"\"\n\t\t\t\t\t\t\t\t\t\t\t\t\t\t\tclass=\"ngg-simplelightbox\" rel=\"cde1d5fa7ee4ff55a820f613366059c4\">\n\t\t\t\n\t\t\t<img data-image-id='1474'\n\t\t\t\ttitle=\"\"\n\t\t\t\talt=\"L_abortivum\"\n\t\t\t\tsrc=\"https:\/\/www.orhideje-bk.eu\/wp-content\/gallery\/l_abortivum\/L_abortivum_DSC_2164.jpg?t=1609232813\"\n\t\t\t\tstyle=\"max-height: 380px;\"\/>\n\t\t<\/a>\n\n\t\t\n\t\t<a href=\"https:\/\/www.orhideje-bk.eu\/wp-content\/gallery\/l_abortivum\/L_abortivum__DSC3091.jpg?t=1609232649\"\n\t\t\ttitle=\"\"\n\t\t\tdata-src=\"https:\/\/www.orhideje-bk.eu\/wp-content\/gallery\/l_abortivum\/L_abortivum__DSC3091.jpg?t=1609232649\"\n\t\t\tdata-thumbnail=\"https:\/\/www.orhideje-bk.eu\/wp-content\/gallery\/l_abortivum\/thumbs\/thumbs_L_abortivum__DSC3091.jpg?t=1609232649\"\n\t\t\tdata-image-id=\"1457\"\n\t\t\tdata-image-name=\"L_abortivum__DSC3091.jpg\"\n\t\t\tdata-title=\"L_abortivum\"\n\t\t\tdata-description=\"\"\n\t\t\t\t\t\t\t\t\t\t\t\t\t\t\tclass=\"ngg-simplelightbox\" rel=\"cde1d5fa7ee4ff55a820f613366059c4\">\n\t\t\t\n\t\t\t<img data-image-id='1457'\n\t\t\t\ttitle=\"\"\n\t\t\t\talt=\"L_abortivum\"\n\t\t\t\tsrc=\"https:\/\/www.orhideje-bk.eu\/wp-content\/gallery\/l_abortivum\/L_abortivum__DSC3091.jpg?t=1609232649\"\n\t\t\t\tstyle=\"max-height: 380px;\"\/>\n\t\t<\/a>\n\n\t\t\n\t\t<a href=\"https:\/\/www.orhideje-bk.eu\/wp-content\/gallery\/l_abortivum\/L_abortivum__DSC3098.jpg?t=1609232663\"\n\t\t\ttitle=\"\"\n\t\t\tdata-src=\"https:\/\/www.orhideje-bk.eu\/wp-content\/gallery\/l_abortivum\/L_abortivum__DSC3098.jpg?t=1609232663\"\n\t\t\tdata-thumbnail=\"https:\/\/www.orhideje-bk.eu\/wp-content\/gallery\/l_abortivum\/thumbs\/thumbs_L_abortivum__DSC3098.jpg?t=1609232663\"\n\t\t\tdata-image-id=\"1458\"\n\t\t\tdata-image-name=\"L_abortivum__DSC3098.jpg\"\n\t\t\tdata-title=\"L_abortivum\"\n\t\t\tdata-description=\"\"\n\t\t\t\t\t\t\t\t\t\t\t\t\t\t\tclass=\"ngg-simplelightbox\" rel=\"cde1d5fa7ee4ff55a820f613366059c4\">\n\t\t\t\n\t\t\t<img data-image-id='1458'\n\t\t\t\ttitle=\"\"\n\t\t\t\talt=\"L_abortivum\"\n\t\t\t\tsrc=\"https:\/\/www.orhideje-bk.eu\/wp-content\/gallery\/l_abortivum\/L_abortivum__DSC3098.jpg?t=1609232663\"\n\t\t\t\tstyle=\"max-height: 380px;\"\/>\n\t\t<\/a>\n\n\t\t\n\t\t<a href=\"https:\/\/www.orhideje-bk.eu\/wp-content\/gallery\/l_abortivum\/L_abortivum__DSC3099.jpg?t=1609232672\"\n\t\t\ttitle=\"\"\n\t\t\tdata-src=\"https:\/\/www.orhideje-bk.eu\/wp-content\/gallery\/l_abortivum\/L_abortivum__DSC3099.jpg?t=1609232672\"\n\t\t\tdata-thumbnail=\"https:\/\/www.orhideje-bk.eu\/wp-content\/gallery\/l_abortivum\/thumbs\/thumbs_L_abortivum__DSC3099.jpg?t=1609232672\"\n\t\t\tdata-image-id=\"1459\"\n\t\t\tdata-image-name=\"L_abortivum__DSC3099.jpg\"\n\t\t\tdata-title=\"L_abortivum\"\n\t\t\tdata-description=\"\"\n\t\t\t\t\t\t\t\t\t\t\t\t\t\t\tclass=\"ngg-simplelightbox\" rel=\"cde1d5fa7ee4ff55a820f613366059c4\">\n\t\t\t\n\t\t\t<img data-image-id='1459'\n\t\t\t\ttitle=\"\"\n\t\t\t\talt=\"L_abortivum\"\n\t\t\t\tsrc=\"https:\/\/www.orhideje-bk.eu\/wp-content\/gallery\/l_abortivum\/L_abortivum__DSC3099.jpg?t=1609232672\"\n\t\t\t\tstyle=\"max-height: 380px;\"\/>\n\t\t<\/a>\n\n\t\t\n\t\t<a href=\"https:\/\/www.orhideje-bk.eu\/wp-content\/gallery\/l_abortivum\/L_abortivum__DSC3100.jpg?t=1609232676\"\n\t\t\ttitle=\"\"\n\t\t\tdata-src=\"https:\/\/www.orhideje-bk.eu\/wp-content\/gallery\/l_abortivum\/L_abortivum__DSC3100.jpg?t=1609232676\"\n\t\t\tdata-thumbnail=\"https:\/\/www.orhideje-bk.eu\/wp-content\/gallery\/l_abortivum\/thumbs\/thumbs_L_abortivum__DSC3100.jpg?t=1609232676\"\n\t\t\tdata-image-id=\"1460\"\n\t\t\tdata-image-name=\"L_abortivum__DSC3100.jpg\"\n\t\t\tdata-title=\"L_abortivum\"\n\t\t\tdata-description=\"\"\n\t\t\t\t\t\t\t\t\t\t\t\t\t\t\tclass=\"ngg-simplelightbox\" rel=\"cde1d5fa7ee4ff55a820f613366059c4\">\n\t\t\t\n\t\t\t<img data-image-id='1460'\n\t\t\t\ttitle=\"\"\n\t\t\t\talt=\"L_abortivum\"\n\t\t\t\tsrc=\"https:\/\/www.orhideje-bk.eu\/wp-content\/gallery\/l_abortivum\/L_abortivum__DSC3100.jpg?t=1609232676\"\n\t\t\t\tstyle=\"max-height: 380px;\"\/>\n\t\t<\/a>\n\n\t\t\n\t\t<a href=\"https:\/\/www.orhideje-bk.eu\/wp-content\/gallery\/l_abortivum\/L_abortivum__DSC3101.jpg?t=1609232691\"\n\t\t\ttitle=\"\"\n\t\t\tdata-src=\"https:\/\/www.orhideje-bk.eu\/wp-content\/gallery\/l_abortivum\/L_abortivum__DSC3101.jpg?t=1609232691\"\n\t\t\tdata-thumbnail=\"https:\/\/www.orhideje-bk.eu\/wp-content\/gallery\/l_abortivum\/thumbs\/thumbs_L_abortivum__DSC3101.jpg?t=1609232691\"\n\t\t\tdata-image-id=\"1461\"\n\t\t\tdata-image-name=\"L_abortivum__DSC3101.jpg\"\n\t\t\tdata-title=\"L_abortivum\"\n\t\t\tdata-description=\"\"\n\t\t\t\t\t\t\t\t\t\t\t\t\t\t\tclass=\"ngg-simplelightbox\" rel=\"cde1d5fa7ee4ff55a820f613366059c4\">\n\t\t\t\n\t\t\t<img data-image-id='1461'\n\t\t\t\ttitle=\"\"\n\t\t\t\talt=\"L_abortivum\"\n\t\t\t\tsrc=\"https:\/\/www.orhideje-bk.eu\/wp-content\/gallery\/l_abortivum\/L_abortivum__DSC3101.jpg?t=1609232691\"\n\t\t\t\tstyle=\"max-height: 380px;\"\/>\n\t\t<\/a>\n\n\t\t\n\t\t<a href=\"https:\/\/www.orhideje-bk.eu\/wp-content\/gallery\/l_abortivum\/L_abortivum__DSC3154.jpg?t=1609232696\"\n\t\t\ttitle=\"\"\n\t\t\tdata-src=\"https:\/\/www.orhideje-bk.eu\/wp-content\/gallery\/l_abortivum\/L_abortivum__DSC3154.jpg?t=1609232696\"\n\t\t\tdata-thumbnail=\"https:\/\/www.orhideje-bk.eu\/wp-content\/gallery\/l_abortivum\/thumbs\/thumbs_L_abortivum__DSC3154.jpg?t=1609232696\"\n\t\t\tdata-image-id=\"1462\"\n\t\t\tdata-image-name=\"L_abortivum__DSC3154.jpg\"\n\t\t\tdata-title=\"L_abortivum\"\n\t\t\tdata-description=\"\"\n\t\t\t\t\t\t\t\t\t\t\t\t\t\t\tclass=\"ngg-simplelightbox\" rel=\"cde1d5fa7ee4ff55a820f613366059c4\">\n\t\t\t\n\t\t\t<img data-image-id='1462'\n\t\t\t\ttitle=\"\"\n\t\t\t\talt=\"L_abortivum\"\n\t\t\t\tsrc=\"https:\/\/www.orhideje-bk.eu\/wp-content\/gallery\/l_abortivum\/L_abortivum__DSC3154.jpg?t=1609232696\"\n\t\t\t\tstyle=\"max-height: 380px;\"\/>\n\t\t<\/a>\n\n\t\t\n\t\t<a href=\"https:\/\/www.orhideje-bk.eu\/wp-content\/gallery\/l_abortivum\/L_abortivum__DSC5537.jpg?t=1609232701\"\n\t\t\ttitle=\"\"\n\t\t\tdata-src=\"https:\/\/www.orhideje-bk.eu\/wp-content\/gallery\/l_abortivum\/L_abortivum__DSC5537.jpg?t=1609232701\"\n\t\t\tdata-thumbnail=\"https:\/\/www.orhideje-bk.eu\/wp-content\/gallery\/l_abortivum\/thumbs\/thumbs_L_abortivum__DSC5537.jpg?t=1609232701\"\n\t\t\tdata-image-id=\"1463\"\n\t\t\tdata-image-name=\"L_abortivum__DSC5537.jpg\"\n\t\t\tdata-title=\"L_abortivum\"\n\t\t\tdata-description=\"\"\n\t\t\t\t\t\t\t\t\t\t\t\t\t\t\tclass=\"ngg-simplelightbox\" rel=\"cde1d5fa7ee4ff55a820f613366059c4\">\n\t\t\t\n\t\t\t<img data-image-id='1463'\n\t\t\t\ttitle=\"\"\n\t\t\t\talt=\"L_abortivum\"\n\t\t\t\tsrc=\"https:\/\/www.orhideje-bk.eu\/wp-content\/gallery\/l_abortivum\/L_abortivum__DSC5537.jpg?t=1609232701\"\n\t\t\t\tstyle=\"max-height: 380px;\"\/>\n\t\t<\/a>\n\n\t\t\n\t\t<a href=\"https:\/\/www.orhideje-bk.eu\/wp-content\/gallery\/l_abortivum\/L_abortivum__DSC5544.jpg?t=1609232706\"\n\t\t\ttitle=\"\"\n\t\t\tdata-src=\"https:\/\/www.orhideje-bk.eu\/wp-content\/gallery\/l_abortivum\/L_abortivum__DSC5544.jpg?t=1609232706\"\n\t\t\tdata-thumbnail=\"https:\/\/www.orhideje-bk.eu\/wp-content\/gallery\/l_abortivum\/thumbs\/thumbs_L_abortivum__DSC5544.jpg?t=1609232706\"\n\t\t\tdata-image-id=\"1464\"\n\t\t\tdata-image-name=\"L_abortivum__DSC5544.jpg\"\n\t\t\tdata-title=\"L_abortivum\"\n\t\t\tdata-description=\"\"\n\t\t\t\t\t\t\t\t\t\t\t\t\t\t\tclass=\"ngg-simplelightbox\" rel=\"cde1d5fa7ee4ff55a820f613366059c4\">\n\t\t\t\n\t\t\t<img data-image-id='1464'\n\t\t\t\ttitle=\"\"\n\t\t\t\talt=\"L_abortivum\"\n\t\t\t\tsrc=\"https:\/\/www.orhideje-bk.eu\/wp-content\/gallery\/l_abortivum\/L_abortivum__DSC5544.jpg?t=1609232706\"\n\t\t\t\tstyle=\"max-height: 380px;\"\/>\n\t\t<\/a>\n\n\t\t\n\t\t<a href=\"https:\/\/www.orhideje-bk.eu\/wp-content\/gallery\/l_abortivum\/L_abortivum__DSC5545.jpg?t=1609232715\"\n\t\t\ttitle=\"\"\n\t\t\tdata-src=\"https:\/\/www.orhideje-bk.eu\/wp-content\/gallery\/l_abortivum\/L_abortivum__DSC5545.jpg?t=1609232715\"\n\t\t\tdata-thumbnail=\"https:\/\/www.orhideje-bk.eu\/wp-content\/gallery\/l_abortivum\/thumbs\/thumbs_L_abortivum__DSC5545.jpg?t=1609232715\"\n\t\t\tdata-image-id=\"1465\"\n\t\t\tdata-image-name=\"L_abortivum__DSC5545.jpg\"\n\t\t\tdata-title=\"L_abortivum\"\n\t\t\tdata-description=\"\"\n\t\t\t\t\t\t\t\t\t\t\t\t\t\t\tclass=\"ngg-simplelightbox\" rel=\"cde1d5fa7ee4ff55a820f613366059c4\">\n\t\t\t\n\t\t\t<img data-image-id='1465'\n\t\t\t\ttitle=\"\"\n\t\t\t\talt=\"L_abortivum\"\n\t\t\t\tsrc=\"https:\/\/www.orhideje-bk.eu\/wp-content\/gallery\/l_abortivum\/L_abortivum__DSC5545.jpg?t=1609232715\"\n\t\t\t\tstyle=\"max-height: 380px;\"\/>\n\t\t<\/a>\n\n\t\t\n\t\t<a href=\"https:\/\/www.orhideje-bk.eu\/wp-content\/gallery\/l_abortivum\/L_abortivum__DSC5558.jpg?t=1609232730\"\n\t\t\ttitle=\"\"\n\t\t\tdata-src=\"https:\/\/www.orhideje-bk.eu\/wp-content\/gallery\/l_abortivum\/L_abortivum__DSC5558.jpg?t=1609232730\"\n\t\t\tdata-thumbnail=\"https:\/\/www.orhideje-bk.eu\/wp-content\/gallery\/l_abortivum\/thumbs\/thumbs_L_abortivum__DSC5558.jpg?t=1609232730\"\n\t\t\tdata-image-id=\"1466\"\n\t\t\tdata-image-name=\"L_abortivum__DSC5558.jpg\"\n\t\t\tdata-title=\"L_abortivum\"\n\t\t\tdata-description=\"\"\n\t\t\t\t\t\t\t\t\t\t\t\t\t\t\tclass=\"ngg-simplelightbox\" rel=\"cde1d5fa7ee4ff55a820f613366059c4\">\n\t\t\t\n\t\t\t<img data-image-id='1466'\n\t\t\t\ttitle=\"\"\n\t\t\t\talt=\"L_abortivum\"\n\t\t\t\tsrc=\"https:\/\/www.orhideje-bk.eu\/wp-content\/gallery\/l_abortivum\/L_abortivum__DSC5558.jpg?t=1609232730\"\n\t\t\t\tstyle=\"max-height: 380px;\"\/>\n\t\t<\/a>\n\n\t\t<\/div>\n\n\n<\/div>\n<\/div><\/div><\/div><\/div>","protected":false},"excerpt":{"rendered":"<p>&#8211; limodorum &#8211; ime Limodoron je uporablja \u017ee Teofrast &#8211; abortivum &#8211; prekinjeno, kar se nana\u0161a na liste, ki so zakrneli ali jih sploh ni. maj, junij V Beli krajini redka vrsta, ki pa je na nekaj rasti\u0161\u010dih zelo \u0161tevil\u010dna &#8211; nad 30 osebkov. Navadno raste na suhih travnikih v neposredni bli\u017eini gozda ali na [&hellip;]<\/p>\n","protected":false},"author":1,"featured_media":0,"parent":0,"menu_order":0,"comment_status":"closed","ping_status":"closed","template":"","meta":{"_acf_changed":false,"ngg_post_thumbnail":0,"footnotes":""},"class_list":["post-1017","page","type-page","status-publish","hentry"],"acf":[],"_links":{"self":[{"href":"https:\/\/www.orhideje-bk.eu\/index.php?rest_route=\/wp\/v2\/pages\/1017","targetHints":{"allow":["GET"]}}],"collection":[{"href":"https:\/\/www.orhideje-bk.eu\/index.php?rest_route=\/wp\/v2\/pages"}],"about":[{"href":"https:\/\/www.orhideje-bk.eu\/index.php?rest_route=\/wp\/v2\/types\/page"}],"author":[{"embeddable":true,"href":"https:\/\/www.orhideje-bk.eu\/index.php?rest_route=\/wp\/v2\/users\/1"}],"replies":[{"embeddable":true,"href":"https:\/\/www.orhideje-bk.eu\/index.php?rest_route=%2Fwp%2Fv2%2Fcomments&post=1017"}],"version-history":[{"count":2,"href":"https:\/\/www.orhideje-bk.eu\/index.php?rest_route=\/wp\/v2\/pages\/1017\/revisions"}],"predecessor-version":[{"id":6414,"href":"https:\/\/www.orhideje-bk.eu\/index.php?rest_route=\/wp\/v2\/pages\/1017\/revisions\/6414"}],"wp:attachment":[{"href":"https:\/\/www.orhideje-bk.eu\/index.php?rest_route=%2Fwp%2Fv2%2Fmedia&parent=1017"}],"curies":[{"name":"wp","href":"https:\/\/api.w.org\/{rel}","templated":true}]}}