{"id":1036,"date":"2015-01-10T11:26:41","date_gmt":"2015-01-10T11:26:41","guid":{"rendered":"http:\/\/www.orhideje-bk.eu\/?page_id=1036"},"modified":"2026-01-18T17:40:09","modified_gmt":"2026-01-18T17:40:09","slug":"jajcastolistni-muhovnik","status":"publish","type":"page","link":"https:\/\/www.orhideje-bk.eu\/?page_id=1036","title":{"rendered":"jaj\u010dastolistni muhovnik"},"content":{"rendered":"<div id=\"pl-1036\"  class=\"panel-layout\" ><div id=\"pg-1036-0\"  class=\"panel-grid panel-no-style\" ><div id=\"pgc-1036-0-0\"  class=\"panel-grid-cell\" ><div id=\"panel-1036-0-0-0\" class=\"so-panel widget widget_text panel-first-child panel-last-child\" data-index=\"0\" ><h3 class=\"widget-title\">Listera ovata<\/h3>\t\t\t<div class=\"textwidget\"><\/div>\n\t\t<\/div><\/div><\/div><div id=\"pg-1036-1\"  class=\"panel-grid panel-no-style\" ><div id=\"pgc-1036-1-0\"  class=\"panel-grid-cell\" ><div id=\"panel-1036-1-0-0\" class=\"so-panel widget widget_sow-image panel-first-child\" data-index=\"1\" ><div\n\t\t\t\n\t\t\tclass=\"so-widget-sow-image so-widget-sow-image-default-8b5b6f678277-1036\"\n\t\t\t\n\t\t>\n<div class=\"sow-image-container\">\n\t\t<img \n\tsrc=\"https:\/\/www.orhideje-bk.eu\/wp-content\/uploads\/2015\/01\/L_ovata_levo__DSC5079.jpg\" width=\"266\" height=\"400\" srcset=\"https:\/\/www.orhideje-bk.eu\/wp-content\/uploads\/2015\/01\/L_ovata_levo__DSC5079.jpg 266w, https:\/\/www.orhideje-bk.eu\/wp-content\/uploads\/2015\/01\/L_ovata_levo__DSC5079-200x300.jpg 200w, https:\/\/www.orhideje-bk.eu\/wp-content\/uploads\/2015\/01\/L_ovata_levo__DSC5079-100x150.jpg 100w\" sizes=\"(max-width: 266px) 100vw, 266px\" alt=\"\" \t\tclass=\"so-widget-image\"\/>\n\t<\/div>\n\n<\/div><\/div><div id=\"panel-1036-1-0-1\" class=\"so-panel widget widget_sow-image panel-last-child\" data-index=\"2\" ><div\n\t\t\t\n\t\t\tclass=\"so-widget-sow-image so-widget-sow-image-default-8b5b6f678277-1036\"\n\t\t\t\n\t\t>\n<div class=\"sow-image-container\">\n\t\t<img \n\tsrc=\"https:\/\/www.orhideje-bk.eu\/wp-content\/uploads\/2026\/01\/DSC0590.jpg\" width=\"512\" height=\"769\" srcset=\"https:\/\/www.orhideje-bk.eu\/wp-content\/uploads\/2026\/01\/DSC0590.jpg 512w, https:\/\/www.orhideje-bk.eu\/wp-content\/uploads\/2026\/01\/DSC0590-200x300.jpg 200w, https:\/\/www.orhideje-bk.eu\/wp-content\/uploads\/2026\/01\/DSC0590-1x2.jpg 1w\" sizes=\"(max-width: 512px) 100vw, 512px\" title=\"_DSC0590\" alt=\"\" \t\tclass=\"so-widget-image\"\/>\n\t<\/div>\n\n<\/div><\/div><\/div><div id=\"pgc-1036-1-1\"  class=\"panel-grid-cell\" ><div id=\"panel-1036-1-1-0\" class=\"so-panel widget widget_text panel-first-child\" data-index=\"3\" ><div class=\"panel-widget-style panel-widget-style-for-1036-1-1-0\" ><h3 class=\"widget-title\">Izvor imena:<\/h3>\t\t\t<div class=\"textwidget\"><p>Listera: Poimenovana po Martinu Listerju, angle\u0161kem zdravniku, naravoslovcu in pionirju botanike.<\/p>\n<p>ovata: Iz latin\u0161\u010dine ovatus (jaj\u010dast), zaradi \u0161iroko jaj\u010daste oblike dveh velikih listov na steblu.<\/p>\n<\/div>\n\t\t<\/div><\/div><div id=\"panel-1036-1-1-1\" class=\"so-panel widget widget_text\" data-index=\"4\" ><h3 class=\"widget-title\">\u010cas cvetenja:<\/h3>\t\t\t<div class=\"textwidget\"><p>maj, junij<\/p>\n<\/div>\n\t\t<\/div><div id=\"panel-1036-1-1-2\" class=\"so-panel widget widget_text panel-last-child\" data-index=\"5\" ><h3 class=\"widget-title\">Zanimivosti:<\/h3>\t\t\t<div class=\"textwidget\"><p>Zalo pogosta vrsta, ki v Beli krajini raste skoraj na vsakem travniku ali gozdnem robu.<\/p>\n<figure id=\"attachment_6378\" aria-describedby=\"caption-attachment-6378\" style=\"width: 512px\" class=\"wp-caption aligncenter\"><img loading=\"lazy\" decoding=\"async\" class=\"wp-image-6378 size-full\" src=\"https:\/\/www.orhideje-bk.eu\/wp-content\/uploads\/2026\/01\/DSC0289.jpg\" alt=\"\" width=\"512\" height=\"340\" srcset=\"https:\/\/www.orhideje-bk.eu\/wp-content\/uploads\/2026\/01\/DSC0289.jpg 512w, https:\/\/www.orhideje-bk.eu\/wp-content\/uploads\/2026\/01\/DSC0289-300x199.jpg 300w, https:\/\/www.orhideje-bk.eu\/wp-content\/uploads\/2026\/01\/DSC0289-1x1.jpg 1w, https:\/\/www.orhideje-bk.eu\/wp-content\/uploads\/2026\/01\/DSC0289-272x182.jpg 272w\" sizes=\"auto, (max-width: 512px) 100vw, 512px\" \/><figcaption id=\"caption-attachment-6378\" class=\"wp-caption-text\">Dva jaj\u010dasta lista, po katerih je vrsta dobila ime.<\/figcaption><\/figure>\n<p>Z rastjo za\u010dne spomladi, ko jaj\u010dasta lista tvorita zanimiv lijak, iz katerega po\u017eene cvetno steblo. Zaradi obilice nektarja je opra\u0161ujejo razli\u010dni insekti, velikokrat pa jo &#8220;napadejo&#8221; tudi listne u\u0161i, ki jih varujejo marvlje.<\/p>\n<p>Cveto\u010de rastline ni mogo\u010de zamenjati z nobeno drugo orhidejo. Necveto\u010do rastlino pa je mogo\u010de zamenjati z dvolistnim vimenjakom, vendar se cveto\u010di rastlini o\u010ditno razlikujeta.<\/p>\n<\/div>\n\t\t<\/div><\/div><div id=\"pgc-1036-1-2\"  class=\"panel-grid-cell\" ><div id=\"panel-1036-1-2-0\" class=\"so-panel widget widget_simpleimage panel-first-child panel-last-child\" data-index=\"6\" >\n<h3 class=\"widget-title\">Nahajali\u0161\u010da:<\/h3>\n\t<p class=\"simple-image\">\n\t\t<img loading=\"lazy\" decoding=\"async\" width=\"778\" height=\"868\" src=\"https:\/\/www.orhideje-bk.eu\/wp-content\/uploads\/2026\/01\/Listera-ovata.png\" class=\"attachment-full size-full\" alt=\"\" srcset=\"https:\/\/www.orhideje-bk.eu\/wp-content\/uploads\/2026\/01\/Listera-ovata.png 778w, https:\/\/www.orhideje-bk.eu\/wp-content\/uploads\/2026\/01\/Listera-ovata-269x300.png 269w, https:\/\/www.orhideje-bk.eu\/wp-content\/uploads\/2026\/01\/Listera-ovata-768x857.png 768w, https:\/\/www.orhideje-bk.eu\/wp-content\/uploads\/2026\/01\/Listera-ovata-1x1.png 1w\" sizes=\"auto, (max-width: 778px) 100vw, 778px\" \/>\t<\/p>\n\n\n<\/div><\/div><\/div><div id=\"pg-1036-2\"  class=\"panel-grid panel-no-style\" ><div id=\"pgc-1036-2-0\"  class=\"panel-grid-cell\" ><div id=\"panel-1036-2-0-0\" class=\"so-panel widget widget_slideshow panel-first-child panel-last-child\" data-index=\"7\"><h3 class=\"widget-title\">Slideshow<\/h3><div class=\"ngg_slideshow widget\">\n\t\n<div class=\"ngg-galleryoverview ngg-slideshow\"\n\tid=\"ngg-slideshow-ad181e0bd0eb364dd7d24070a25ac7e3-11484574300\"\n\tdata-nextgen-gallery-id=\"25\"\n\tdata-gallery-id=\"ad181e0bd0eb364dd7d24070a25ac7e3\"\n\t\tdata-gallery-name=\"l_ovata\"\n\t\tstyle=\"max-width: 400px;\n\t\t\tmax-height: 400px;\n\t\t\tdisplay: none;\">\n\n\t\n\t\t<a href=\"https:\/\/www.orhideje-bk.eu\/wp-content\/gallery\/l_ovata\/L_ovata__DSC0482.jpg?t=1609237072\"\n\t\t\ttitle=\"\"\n\t\t\tdata-src=\"https:\/\/www.orhideje-bk.eu\/wp-content\/gallery\/l_ovata\/L_ovata__DSC0482.jpg?t=1609237072\"\n\t\t\tdata-thumbnail=\"https:\/\/www.orhideje-bk.eu\/wp-content\/gallery\/l_ovata\/thumbs\/thumbs_L_ovata__DSC0482.jpg?t=1609237072\"\n\t\t\tdata-image-id=\"1475\"\n\t\t\tdata-image-name=\"L_ovata__DSC0482.jpg\"\n\t\t\tdata-title=\"L_ovata\"\n\t\t\tdata-description=\"\"\n\t\t\t\t\t\t\t\t\t\t\t\t\t\t\tclass=\"ngg-simplelightbox\" rel=\"ad181e0bd0eb364dd7d24070a25ac7e3\">\n\t\t\t\n\t\t\t<img data-image-id='1475'\n\t\t\t\ttitle=\"\"\n\t\t\t\talt=\"L_ovata\"\n\t\t\t\tsrc=\"https:\/\/www.orhideje-bk.eu\/wp-content\/gallery\/l_ovata\/L_ovata__DSC0482.jpg?t=1609237072\"\n\t\t\t\tstyle=\"max-height: 380px;\"\/>\n\t\t<\/a>\n\n\t\t\n\t\t<a href=\"https:\/\/www.orhideje-bk.eu\/wp-content\/gallery\/l_ovata\/L_ovata__DSC0577.jpg?t=1609237086\"\n\t\t\ttitle=\"\"\n\t\t\tdata-src=\"https:\/\/www.orhideje-bk.eu\/wp-content\/gallery\/l_ovata\/L_ovata__DSC0577.jpg?t=1609237086\"\n\t\t\tdata-thumbnail=\"https:\/\/www.orhideje-bk.eu\/wp-content\/gallery\/l_ovata\/thumbs\/thumbs_L_ovata__DSC0577.jpg?t=1609237086\"\n\t\t\tdata-image-id=\"1476\"\n\t\t\tdata-image-name=\"L_ovata__DSC0577.jpg\"\n\t\t\tdata-title=\"L_ovata\"\n\t\t\tdata-description=\"\"\n\t\t\t\t\t\t\t\t\t\t\t\t\t\t\tclass=\"ngg-simplelightbox\" rel=\"ad181e0bd0eb364dd7d24070a25ac7e3\">\n\t\t\t\n\t\t\t<img data-image-id='1476'\n\t\t\t\ttitle=\"\"\n\t\t\t\talt=\"L_ovata\"\n\t\t\t\tsrc=\"https:\/\/www.orhideje-bk.eu\/wp-content\/gallery\/l_ovata\/L_ovata__DSC0577.jpg?t=1609237086\"\n\t\t\t\tstyle=\"max-height: 380px;\"\/>\n\t\t<\/a>\n\n\t\t\n\t\t<a href=\"https:\/\/www.orhideje-bk.eu\/wp-content\/gallery\/l_ovata\/L_ovata__DSC0578.jpg?t=1609237095\"\n\t\t\ttitle=\"\"\n\t\t\tdata-src=\"https:\/\/www.orhideje-bk.eu\/wp-content\/gallery\/l_ovata\/L_ovata__DSC0578.jpg?t=1609237095\"\n\t\t\tdata-thumbnail=\"https:\/\/www.orhideje-bk.eu\/wp-content\/gallery\/l_ovata\/thumbs\/thumbs_L_ovata__DSC0578.jpg?t=1609237095\"\n\t\t\tdata-image-id=\"1477\"\n\t\t\tdata-image-name=\"L_ovata__DSC0578.jpg\"\n\t\t\tdata-title=\"L_ovata\"\n\t\t\tdata-description=\"\"\n\t\t\t\t\t\t\t\t\t\t\t\t\t\t\tclass=\"ngg-simplelightbox\" rel=\"ad181e0bd0eb364dd7d24070a25ac7e3\">\n\t\t\t\n\t\t\t<img data-image-id='1477'\n\t\t\t\ttitle=\"\"\n\t\t\t\talt=\"L_ovata\"\n\t\t\t\tsrc=\"https:\/\/www.orhideje-bk.eu\/wp-content\/gallery\/l_ovata\/L_ovata__DSC0578.jpg?t=1609237095\"\n\t\t\t\tstyle=\"max-height: 380px;\"\/>\n\t\t<\/a>\n\n\t\t\n\t\t<a href=\"https:\/\/www.orhideje-bk.eu\/wp-content\/gallery\/l_ovata\/L_ovata__DSC0580.jpg?t=1609237112\"\n\t\t\ttitle=\"\"\n\t\t\tdata-src=\"https:\/\/www.orhideje-bk.eu\/wp-content\/gallery\/l_ovata\/L_ovata__DSC0580.jpg?t=1609237112\"\n\t\t\tdata-thumbnail=\"https:\/\/www.orhideje-bk.eu\/wp-content\/gallery\/l_ovata\/thumbs\/thumbs_L_ovata__DSC0580.jpg?t=1609237112\"\n\t\t\tdata-image-id=\"1478\"\n\t\t\tdata-image-name=\"L_ovata__DSC0580.jpg\"\n\t\t\tdata-title=\"L_ovata\"\n\t\t\tdata-description=\"\"\n\t\t\t\t\t\t\t\t\t\t\t\t\t\t\tclass=\"ngg-simplelightbox\" rel=\"ad181e0bd0eb364dd7d24070a25ac7e3\">\n\t\t\t\n\t\t\t<img data-image-id='1478'\n\t\t\t\ttitle=\"\"\n\t\t\t\talt=\"L_ovata\"\n\t\t\t\tsrc=\"https:\/\/www.orhideje-bk.eu\/wp-content\/gallery\/l_ovata\/L_ovata__DSC0580.jpg?t=1609237112\"\n\t\t\t\tstyle=\"max-height: 380px;\"\/>\n\t\t<\/a>\n\n\t\t\n\t\t<a href=\"https:\/\/www.orhideje-bk.eu\/wp-content\/gallery\/l_ovata\/L_ovata__DSC0586.jpg?t=1609237117\"\n\t\t\ttitle=\"\"\n\t\t\tdata-src=\"https:\/\/www.orhideje-bk.eu\/wp-content\/gallery\/l_ovata\/L_ovata__DSC0586.jpg?t=1609237117\"\n\t\t\tdata-thumbnail=\"https:\/\/www.orhideje-bk.eu\/wp-content\/gallery\/l_ovata\/thumbs\/thumbs_L_ovata__DSC0586.jpg?t=1609237117\"\n\t\t\tdata-image-id=\"1479\"\n\t\t\tdata-image-name=\"L_ovata__DSC0586.jpg\"\n\t\t\tdata-title=\"L_ovata\"\n\t\t\tdata-description=\"\"\n\t\t\t\t\t\t\t\t\t\t\t\t\t\t\tclass=\"ngg-simplelightbox\" rel=\"ad181e0bd0eb364dd7d24070a25ac7e3\">\n\t\t\t\n\t\t\t<img data-image-id='1479'\n\t\t\t\ttitle=\"\"\n\t\t\t\talt=\"L_ovata\"\n\t\t\t\tsrc=\"https:\/\/www.orhideje-bk.eu\/wp-content\/gallery\/l_ovata\/L_ovata__DSC0586.jpg?t=1609237117\"\n\t\t\t\tstyle=\"max-height: 380px;\"\/>\n\t\t<\/a>\n\n\t\t\n\t\t<a href=\"https:\/\/www.orhideje-bk.eu\/wp-content\/gallery\/l_ovata\/L_ovata__DSC0588.jpg?t=1609237124\"\n\t\t\ttitle=\"\"\n\t\t\tdata-src=\"https:\/\/www.orhideje-bk.eu\/wp-content\/gallery\/l_ovata\/L_ovata__DSC0588.jpg?t=1609237124\"\n\t\t\tdata-thumbnail=\"https:\/\/www.orhideje-bk.eu\/wp-content\/gallery\/l_ovata\/thumbs\/thumbs_L_ovata__DSC0588.jpg?t=1609237124\"\n\t\t\tdata-image-id=\"1480\"\n\t\t\tdata-image-name=\"L_ovata__DSC0588.jpg\"\n\t\t\tdata-title=\"L_ovata\"\n\t\t\tdata-description=\"\"\n\t\t\t\t\t\t\t\t\t\t\t\t\t\t\tclass=\"ngg-simplelightbox\" rel=\"ad181e0bd0eb364dd7d24070a25ac7e3\">\n\t\t\t\n\t\t\t<img data-image-id='1480'\n\t\t\t\ttitle=\"\"\n\t\t\t\talt=\"L_ovata\"\n\t\t\t\tsrc=\"https:\/\/www.orhideje-bk.eu\/wp-content\/gallery\/l_ovata\/L_ovata__DSC0588.jpg?t=1609237124\"\n\t\t\t\tstyle=\"max-height: 380px;\"\/>\n\t\t<\/a>\n\n\t\t\n\t\t<a href=\"https:\/\/www.orhideje-bk.eu\/wp-content\/gallery\/l_ovata\/L_ovata__DSC0590.jpg?t=1609237136\"\n\t\t\ttitle=\"\"\n\t\t\tdata-src=\"https:\/\/www.orhideje-bk.eu\/wp-content\/gallery\/l_ovata\/L_ovata__DSC0590.jpg?t=1609237136\"\n\t\t\tdata-thumbnail=\"https:\/\/www.orhideje-bk.eu\/wp-content\/gallery\/l_ovata\/thumbs\/thumbs_L_ovata__DSC0590.jpg?t=1609237136\"\n\t\t\tdata-image-id=\"1481\"\n\t\t\tdata-image-name=\"L_ovata__DSC0590.jpg\"\n\t\t\tdata-title=\"L_ovata\"\n\t\t\tdata-description=\"\"\n\t\t\t\t\t\t\t\t\t\t\t\t\t\t\tclass=\"ngg-simplelightbox\" rel=\"ad181e0bd0eb364dd7d24070a25ac7e3\">\n\t\t\t\n\t\t\t<img data-image-id='1481'\n\t\t\t\ttitle=\"\"\n\t\t\t\talt=\"L_ovata\"\n\t\t\t\tsrc=\"https:\/\/www.orhideje-bk.eu\/wp-content\/gallery\/l_ovata\/L_ovata__DSC0590.jpg?t=1609237136\"\n\t\t\t\tstyle=\"max-height: 380px;\"\/>\n\t\t<\/a>\n\n\t\t\n\t\t<a href=\"https:\/\/www.orhideje-bk.eu\/wp-content\/gallery\/l_ovata\/L_ovata__DSC2796_030.jpg?t=1609237145\"\n\t\t\ttitle=\"\"\n\t\t\tdata-src=\"https:\/\/www.orhideje-bk.eu\/wp-content\/gallery\/l_ovata\/L_ovata__DSC2796_030.jpg?t=1609237145\"\n\t\t\tdata-thumbnail=\"https:\/\/www.orhideje-bk.eu\/wp-content\/gallery\/l_ovata\/thumbs\/thumbs_L_ovata__DSC2796_030.jpg?t=1609237145\"\n\t\t\tdata-image-id=\"1482\"\n\t\t\tdata-image-name=\"L_ovata__DSC2796_030.jpg\"\n\t\t\tdata-title=\"L_ovata\"\n\t\t\tdata-description=\"\"\n\t\t\t\t\t\t\t\t\t\t\t\t\t\t\tclass=\"ngg-simplelightbox\" rel=\"ad181e0bd0eb364dd7d24070a25ac7e3\">\n\t\t\t\n\t\t\t<img data-image-id='1482'\n\t\t\t\ttitle=\"\"\n\t\t\t\talt=\"L_ovata\"\n\t\t\t\tsrc=\"https:\/\/www.orhideje-bk.eu\/wp-content\/gallery\/l_ovata\/L_ovata__DSC2796_030.jpg?t=1609237145\"\n\t\t\t\tstyle=\"max-height: 380px;\"\/>\n\t\t<\/a>\n\n\t\t\n\t\t<a href=\"https:\/\/www.orhideje-bk.eu\/wp-content\/gallery\/l_ovata\/L_ovata__DSC4558.jpg?t=1609237150\"\n\t\t\ttitle=\"\"\n\t\t\tdata-src=\"https:\/\/www.orhideje-bk.eu\/wp-content\/gallery\/l_ovata\/L_ovata__DSC4558.jpg?t=1609237150\"\n\t\t\tdata-thumbnail=\"https:\/\/www.orhideje-bk.eu\/wp-content\/gallery\/l_ovata\/thumbs\/thumbs_L_ovata__DSC4558.jpg?t=1609237150\"\n\t\t\tdata-image-id=\"1483\"\n\t\t\tdata-image-name=\"L_ovata__DSC4558.jpg\"\n\t\t\tdata-title=\"L_ovata\"\n\t\t\tdata-description=\"\"\n\t\t\t\t\t\t\t\t\t\t\t\t\t\t\tclass=\"ngg-simplelightbox\" rel=\"ad181e0bd0eb364dd7d24070a25ac7e3\">\n\t\t\t\n\t\t\t<img data-image-id='1483'\n\t\t\t\ttitle=\"\"\n\t\t\t\talt=\"L_ovata\"\n\t\t\t\tsrc=\"https:\/\/www.orhideje-bk.eu\/wp-content\/gallery\/l_ovata\/L_ovata__DSC4558.jpg?t=1609237150\"\n\t\t\t\tstyle=\"max-height: 380px;\"\/>\n\t\t<\/a>\n\n\t\t\n\t\t<a href=\"https:\/\/www.orhideje-bk.eu\/wp-content\/gallery\/l_ovata\/L_ovata__DSC4922.jpg?t=1609237155\"\n\t\t\ttitle=\"\"\n\t\t\tdata-src=\"https:\/\/www.orhideje-bk.eu\/wp-content\/gallery\/l_ovata\/L_ovata__DSC4922.jpg?t=1609237155\"\n\t\t\tdata-thumbnail=\"https:\/\/www.orhideje-bk.eu\/wp-content\/gallery\/l_ovata\/thumbs\/thumbs_L_ovata__DSC4922.jpg?t=1609237155\"\n\t\t\tdata-image-id=\"1484\"\n\t\t\tdata-image-name=\"L_ovata__DSC4922.jpg\"\n\t\t\tdata-title=\"L_ovata\"\n\t\t\tdata-description=\"\"\n\t\t\t\t\t\t\t\t\t\t\t\t\t\t\tclass=\"ngg-simplelightbox\" rel=\"ad181e0bd0eb364dd7d24070a25ac7e3\">\n\t\t\t\n\t\t\t<img data-image-id='1484'\n\t\t\t\ttitle=\"\"\n\t\t\t\talt=\"L_ovata\"\n\t\t\t\tsrc=\"https:\/\/www.orhideje-bk.eu\/wp-content\/gallery\/l_ovata\/L_ovata__DSC4922.jpg?t=1609237155\"\n\t\t\t\tstyle=\"max-height: 380px;\"\/>\n\t\t<\/a>\n\n\t\t\n\t\t<a href=\"https:\/\/www.orhideje-bk.eu\/wp-content\/gallery\/l_ovata\/L_ovata__DSC4926.jpg?t=1609237167\"\n\t\t\ttitle=\"\"\n\t\t\tdata-src=\"https:\/\/www.orhideje-bk.eu\/wp-content\/gallery\/l_ovata\/L_ovata__DSC4926.jpg?t=1609237167\"\n\t\t\tdata-thumbnail=\"https:\/\/www.orhideje-bk.eu\/wp-content\/gallery\/l_ovata\/thumbs\/thumbs_L_ovata__DSC4926.jpg?t=1609237167\"\n\t\t\tdata-image-id=\"1485\"\n\t\t\tdata-image-name=\"L_ovata__DSC4926.jpg\"\n\t\t\tdata-title=\"L_ovata\"\n\t\t\tdata-description=\"\"\n\t\t\t\t\t\t\t\t\t\t\t\t\t\t\tclass=\"ngg-simplelightbox\" rel=\"ad181e0bd0eb364dd7d24070a25ac7e3\">\n\t\t\t\n\t\t\t<img data-image-id='1485'\n\t\t\t\ttitle=\"\"\n\t\t\t\talt=\"L_ovata\"\n\t\t\t\tsrc=\"https:\/\/www.orhideje-bk.eu\/wp-content\/gallery\/l_ovata\/L_ovata__DSC4926.jpg?t=1609237167\"\n\t\t\t\tstyle=\"max-height: 380px;\"\/>\n\t\t<\/a>\n\n\t\t\n\t\t<a href=\"https:\/\/www.orhideje-bk.eu\/wp-content\/gallery\/l_ovata\/L_ovata__DSC5079.jpg?t=1609237180\"\n\t\t\ttitle=\"\"\n\t\t\tdata-src=\"https:\/\/www.orhideje-bk.eu\/wp-content\/gallery\/l_ovata\/L_ovata__DSC5079.jpg?t=1609237180\"\n\t\t\tdata-thumbnail=\"https:\/\/www.orhideje-bk.eu\/wp-content\/gallery\/l_ovata\/thumbs\/thumbs_L_ovata__DSC5079.jpg?t=1609237180\"\n\t\t\tdata-image-id=\"1486\"\n\t\t\tdata-image-name=\"L_ovata__DSC5079.jpg\"\n\t\t\tdata-title=\"L_ovata\"\n\t\t\tdata-description=\"\"\n\t\t\t\t\t\t\t\t\t\t\t\t\t\t\tclass=\"ngg-simplelightbox\" rel=\"ad181e0bd0eb364dd7d24070a25ac7e3\">\n\t\t\t\n\t\t\t<img data-image-id='1486'\n\t\t\t\ttitle=\"\"\n\t\t\t\talt=\"L_ovata\"\n\t\t\t\tsrc=\"https:\/\/www.orhideje-bk.eu\/wp-content\/gallery\/l_ovata\/L_ovata__DSC5079.jpg?t=1609237180\"\n\t\t\t\tstyle=\"max-height: 380px;\"\/>\n\t\t<\/a>\n\n\t\t\n\t\t<a href=\"https:\/\/www.orhideje-bk.eu\/wp-content\/gallery\/l_ovata\/L_ovata__DSC5087.jpg?t=1609237186\"\n\t\t\ttitle=\"\"\n\t\t\tdata-src=\"https:\/\/www.orhideje-bk.eu\/wp-content\/gallery\/l_ovata\/L_ovata__DSC5087.jpg?t=1609237186\"\n\t\t\tdata-thumbnail=\"https:\/\/www.orhideje-bk.eu\/wp-content\/gallery\/l_ovata\/thumbs\/thumbs_L_ovata__DSC5087.jpg?t=1609237186\"\n\t\t\tdata-image-id=\"1487\"\n\t\t\tdata-image-name=\"L_ovata__DSC5087.jpg\"\n\t\t\tdata-title=\"L_ovata\"\n\t\t\tdata-description=\"\"\n\t\t\t\t\t\t\t\t\t\t\t\t\t\t\tclass=\"ngg-simplelightbox\" rel=\"ad181e0bd0eb364dd7d24070a25ac7e3\">\n\t\t\t\n\t\t\t<img data-image-id='1487'\n\t\t\t\ttitle=\"\"\n\t\t\t\talt=\"L_ovata\"\n\t\t\t\tsrc=\"https:\/\/www.orhideje-bk.eu\/wp-content\/gallery\/l_ovata\/L_ovata__DSC5087.jpg?t=1609237186\"\n\t\t\t\tstyle=\"max-height: 380px;\"\/>\n\t\t<\/a>\n\n\t\t\n\t\t<a href=\"https:\/\/www.orhideje-bk.eu\/wp-content\/gallery\/l_ovata\/L_ovata__DSC5369.jpg?t=1609237192\"\n\t\t\ttitle=\"\"\n\t\t\tdata-src=\"https:\/\/www.orhideje-bk.eu\/wp-content\/gallery\/l_ovata\/L_ovata__DSC5369.jpg?t=1609237192\"\n\t\t\tdata-thumbnail=\"https:\/\/www.orhideje-bk.eu\/wp-content\/gallery\/l_ovata\/thumbs\/thumbs_L_ovata__DSC5369.jpg?t=1609237192\"\n\t\t\tdata-image-id=\"1488\"\n\t\t\tdata-image-name=\"L_ovata__DSC5369.jpg\"\n\t\t\tdata-title=\"L_ovata\"\n\t\t\tdata-description=\"\"\n\t\t\t\t\t\t\t\t\t\t\t\t\t\t\tclass=\"ngg-simplelightbox\" rel=\"ad181e0bd0eb364dd7d24070a25ac7e3\">\n\t\t\t\n\t\t\t<img data-image-id='1488'\n\t\t\t\ttitle=\"\"\n\t\t\t\talt=\"L_ovata\"\n\t\t\t\tsrc=\"https:\/\/www.orhideje-bk.eu\/wp-content\/gallery\/l_ovata\/L_ovata__DSC5369.jpg?t=1609237192\"\n\t\t\t\tstyle=\"max-height: 380px;\"\/>\n\t\t<\/a>\n\n\t\t\n\t\t<a href=\"https:\/\/www.orhideje-bk.eu\/wp-content\/gallery\/l_ovata\/L_ovata__DSC5388.jpg?t=1609237199\"\n\t\t\ttitle=\"\"\n\t\t\tdata-src=\"https:\/\/www.orhideje-bk.eu\/wp-content\/gallery\/l_ovata\/L_ovata__DSC5388.jpg?t=1609237199\"\n\t\t\tdata-thumbnail=\"https:\/\/www.orhideje-bk.eu\/wp-content\/gallery\/l_ovata\/thumbs\/thumbs_L_ovata__DSC5388.jpg?t=1609237199\"\n\t\t\tdata-image-id=\"1489\"\n\t\t\tdata-image-name=\"L_ovata__DSC5388.jpg\"\n\t\t\tdata-title=\"L_ovata\"\n\t\t\tdata-description=\"\"\n\t\t\t\t\t\t\t\t\t\t\t\t\t\t\tclass=\"ngg-simplelightbox\" rel=\"ad181e0bd0eb364dd7d24070a25ac7e3\">\n\t\t\t\n\t\t\t<img data-image-id='1489'\n\t\t\t\ttitle=\"\"\n\t\t\t\talt=\"L_ovata\"\n\t\t\t\tsrc=\"https:\/\/www.orhideje-bk.eu\/wp-content\/gallery\/l_ovata\/L_ovata__DSC5388.jpg?t=1609237199\"\n\t\t\t\tstyle=\"max-height: 380px;\"\/>\n\t\t<\/a>\n\n\t\t\n\t\t<a href=\"https:\/\/www.orhideje-bk.eu\/wp-content\/gallery\/l_ovata\/L_ovata__DSC5668.jpg?t=1609237204\"\n\t\t\ttitle=\"\"\n\t\t\tdata-src=\"https:\/\/www.orhideje-bk.eu\/wp-content\/gallery\/l_ovata\/L_ovata__DSC5668.jpg?t=1609237204\"\n\t\t\tdata-thumbnail=\"https:\/\/www.orhideje-bk.eu\/wp-content\/gallery\/l_ovata\/thumbs\/thumbs_L_ovata__DSC5668.jpg?t=1609237204\"\n\t\t\tdata-image-id=\"1490\"\n\t\t\tdata-image-name=\"L_ovata__DSC5668.jpg\"\n\t\t\tdata-title=\"L_ovata\"\n\t\t\tdata-description=\"\"\n\t\t\t\t\t\t\t\t\t\t\t\t\t\t\tclass=\"ngg-simplelightbox\" rel=\"ad181e0bd0eb364dd7d24070a25ac7e3\">\n\t\t\t\n\t\t\t<img data-image-id='1490'\n\t\t\t\ttitle=\"\"\n\t\t\t\talt=\"L_ovata\"\n\t\t\t\tsrc=\"https:\/\/www.orhideje-bk.eu\/wp-content\/gallery\/l_ovata\/L_ovata__DSC5668.jpg?t=1609237204\"\n\t\t\t\tstyle=\"max-height: 380px;\"\/>\n\t\t<\/a>\n\n\t\t<\/div>\n\n\n<\/div>\n<\/div><\/div><\/div><\/div>","protected":false},"excerpt":{"rendered":"<p>Listera: Poimenovana po Martinu Listerju, angle\u0161kem zdravniku, naravoslovcu in pionirju botanike. ovata: Iz latin\u0161\u010dine ovatus (jaj\u010dast), zaradi \u0161iroko jaj\u010daste oblike dveh velikih listov na steblu. maj, junij Zalo pogosta vrsta, ki v Beli krajini raste skoraj na vsakem travniku ali gozdnem robu. Z rastjo za\u010dne spomladi, ko jaj\u010dasta lista tvorita zanimiv lijak, iz katerega po\u017eene [&hellip;]<\/p>\n","protected":false},"author":1,"featured_media":0,"parent":0,"menu_order":0,"comment_status":"closed","ping_status":"closed","template":"","meta":{"_acf_changed":false,"ngg_post_thumbnail":0,"footnotes":""},"class_list":["post-1036","page","type-page","status-publish","hentry"],"acf":[],"_links":{"self":[{"href":"https:\/\/www.orhideje-bk.eu\/index.php?rest_route=\/wp\/v2\/pages\/1036","targetHints":{"allow":["GET"]}}],"collection":[{"href":"https:\/\/www.orhideje-bk.eu\/index.php?rest_route=\/wp\/v2\/pages"}],"about":[{"href":"https:\/\/www.orhideje-bk.eu\/index.php?rest_route=\/wp\/v2\/types\/page"}],"author":[{"embeddable":true,"href":"https:\/\/www.orhideje-bk.eu\/index.php?rest_route=\/wp\/v2\/users\/1"}],"replies":[{"embeddable":true,"href":"https:\/\/www.orhideje-bk.eu\/index.php?rest_route=%2Fwp%2Fv2%2Fcomments&post=1036"}],"version-history":[{"count":2,"href":"https:\/\/www.orhideje-bk.eu\/index.php?rest_route=\/wp\/v2\/pages\/1036\/revisions"}],"predecessor-version":[{"id":6683,"href":"https:\/\/www.orhideje-bk.eu\/index.php?rest_route=\/wp\/v2\/pages\/1036\/revisions\/6683"}],"wp:attachment":[{"href":"https:\/\/www.orhideje-bk.eu\/index.php?rest_route=%2Fwp%2Fv2%2Fmedia&parent=1036"}],"curies":[{"name":"wp","href":"https:\/\/api.w.org\/{rel}","templated":true}]}}