{"id":1236,"date":"2015-01-10T16:37:19","date_gmt":"2015-01-10T16:37:19","guid":{"rendered":"http:\/\/www.orhideje-bk.eu\/?page_id=1236"},"modified":"2026-01-03T12:42:59","modified_gmt":"2026-01-03T12:42:59","slug":"pikastocvetna-kukavica","status":"publish","type":"page","link":"https:\/\/www.orhideje-bk.eu\/?page_id=1236","title":{"rendered":"pikastocvetna kukavica"},"content":{"rendered":"<div id=\"pl-1236\"  class=\"panel-layout\" ><div id=\"pg-1236-0\"  class=\"panel-grid panel-no-style\" ><div id=\"pgc-1236-0-0\"  class=\"panel-grid-cell\" ><div id=\"panel-1236-0-0-0\" class=\"so-panel widget widget_text panel-first-child panel-last-child\" data-index=\"0\" ><h3 class=\"widget-title\">Neotinea ustulata<\/h3>\t\t\t<div class=\"textwidget\"><\/div>\n\t\t<\/div><\/div><\/div><div id=\"pg-1236-1\"  class=\"panel-grid panel-no-style\" ><div id=\"pgc-1236-1-0\"  class=\"panel-grid-cell\" ><div id=\"panel-1236-1-0-0\" class=\"so-panel widget widget_sow-image panel-first-child\" data-index=\"1\" ><div\n\t\t\t\n\t\t\tclass=\"so-widget-sow-image so-widget-sow-image-default-8b5b6f678277-1236\"\n\t\t\t\n\t\t>\n<div class=\"sow-image-container\">\n\t\t<img \n\tsrc=\"https:\/\/www.orhideje-bk.eu\/wp-content\/uploads\/2015\/01\/O_ustulata_levo__DSC0997.jpg\" width=\"266\" height=\"400\" srcset=\"https:\/\/www.orhideje-bk.eu\/wp-content\/uploads\/2015\/01\/O_ustulata_levo__DSC0997.jpg 266w, https:\/\/www.orhideje-bk.eu\/wp-content\/uploads\/2015\/01\/O_ustulata_levo__DSC0997-200x300.jpg 200w, https:\/\/www.orhideje-bk.eu\/wp-content\/uploads\/2015\/01\/O_ustulata_levo__DSC0997-100x150.jpg 100w\" sizes=\"(max-width: 266px) 100vw, 266px\" alt=\"\" \t\tclass=\"so-widget-image\"\/>\n\t<\/div>\n\n<\/div><\/div><div id=\"panel-1236-1-0-1\" class=\"so-panel widget widget_sow-image panel-last-child\" data-index=\"2\" ><div\n\t\t\t\n\t\t\tclass=\"so-widget-sow-image so-widget-sow-image-default-8b5b6f678277-1236\"\n\t\t\t\n\t\t>\n<div class=\"sow-image-container\">\n\t\t<img \n\tsrc=\"https:\/\/www.orhideje-bk.eu\/wp-content\/uploads\/2026\/01\/DSC8024.jpg\" width=\"512\" height=\"769\" srcset=\"https:\/\/www.orhideje-bk.eu\/wp-content\/uploads\/2026\/01\/DSC8024.jpg 512w, https:\/\/www.orhideje-bk.eu\/wp-content\/uploads\/2026\/01\/DSC8024-200x300.jpg 200w, https:\/\/www.orhideje-bk.eu\/wp-content\/uploads\/2026\/01\/DSC8024-1x2.jpg 1w\" sizes=\"(max-width: 512px) 100vw, 512px\" title=\"_DSC8024\" alt=\"\" \t\tclass=\"so-widget-image\"\/>\n\t<\/div>\n\n<\/div><\/div><\/div><div id=\"pgc-1236-1-1\"  class=\"panel-grid-cell\" ><div id=\"panel-1236-1-1-0\" class=\"so-panel widget widget_text panel-first-child\" data-index=\"3\" ><div class=\"panel-widget-style panel-widget-style-for-1236-1-1-0\" ><h3 class=\"widget-title\">Izvor imena:<\/h3>\t\t\t<div class=\"textwidget\"><p>Neotinea: po botaniku Vincenzu Tineo (1791-1856), ki je bil profesor botanike in vodja botani\u010dnega vrta v Palermu od 1815-1836. Njegovi najbolj znani deli sta Plantarum rariorum Siciliae (1817) in Catalogus plantarum horti (1827).<br \/>\nustulata: za\u017egana (po barvi \u010delade, ki izgleda kot za\u017egana)<\/p>\n<\/div>\n\t\t<\/div><\/div><div id=\"panel-1236-1-1-1\" class=\"so-panel widget widget_text\" data-index=\"4\" ><h3 class=\"widget-title\">\u010cas cvetenja:<\/h3>\t\t\t<div class=\"textwidget\"><p>maj, junij<\/p>\n<\/div>\n\t\t<\/div><div id=\"panel-1236-1-1-2\" class=\"so-panel widget widget_text panel-last-child\" data-index=\"5\" ><h3 class=\"widget-title\">Zanimivosti:<\/h3>\t\t\t<div class=\"textwidget\"><p>Vrsta, ki zaradi nekoliko poznej\u0161ega cvetenja izginja iz belokranjskih travnikov, ki zaradi bolj zgodnje prve ko\u0161nje favorizirajo vrste, ki cvetijo (in semenijo) bolj zgodaj.<\/p>\n<figure id=\"attachment_6438\" aria-describedby=\"caption-attachment-6438\" style=\"width: 512px\" class=\"wp-caption aligncenter\"><img loading=\"lazy\" decoding=\"async\" class=\"wp-image-6438 size-full\" src=\"https:\/\/www.orhideje-bk.eu\/wp-content\/uploads\/2026\/01\/DSC_1440.jpg\" alt=\"\" width=\"512\" height=\"340\" srcset=\"https:\/\/www.orhideje-bk.eu\/wp-content\/uploads\/2026\/01\/DSC_1440.jpg 512w, https:\/\/www.orhideje-bk.eu\/wp-content\/uploads\/2026\/01\/DSC_1440-300x199.jpg 300w, https:\/\/www.orhideje-bk.eu\/wp-content\/uploads\/2026\/01\/DSC_1440-1x1.jpg 1w, https:\/\/www.orhideje-bk.eu\/wp-content\/uploads\/2026\/01\/DSC_1440-272x182.jpg 272w\" sizes=\"auto, (max-width: 512px) 100vw, 512px\" \/><figcaption id=\"caption-attachment-6438\" class=\"wp-caption-text\">Pikastocvetna kukavica cveti, ko se travniki obarvajo \u017ee rahlo rjavo.<\/figcaption><\/figure>\n<p>Rahlo di\u0161i po vaniliji in s tem privablja opra\u0161evalce. V \u010dasu cvetenja je ne moremo zamenjati za nobeno drugo vrsto. Edina podobna vrsta je poletna kukavica, ki pa cveti pozneje in je bistveno bolj redka.<\/p>\n<p>Zaradi istega \u010dasa cvetenja se zelo pogosto kri\u017ea s trizobo kukavico. Kri\u017eanci ponavadi nimajo temnega zgornjega dela socvetja in so na splo\u0161no svetlej\u0161i. Lahko pa se pojavijo rastline brez barvila (t.i. hipokromna varijanta).<\/p>\n<p>&nbsp;<\/p>\n<div id='gallery-1' class='gallery galleryid-0 gallery-columns-2 gallery-size-medium'><figure class='gallery-item'>\n\t\t\t<div class='gallery-icon portrait'>\n\t\t\t\t<img loading=\"lazy\" decoding=\"async\" width=\"200\" height=\"300\" src=\"https:\/\/www.orhideje-bk.eu\/wp-content\/uploads\/2026\/01\/DSC_4296-200x300.jpg\" class=\"attachment-medium size-medium\" alt=\"\" aria-describedby=\"gallery-1-6436\" srcset=\"https:\/\/www.orhideje-bk.eu\/wp-content\/uploads\/2026\/01\/DSC_4296-200x300.jpg 200w, https:\/\/www.orhideje-bk.eu\/wp-content\/uploads\/2026\/01\/DSC_4296-1x2.jpg 1w, https:\/\/www.orhideje-bk.eu\/wp-content\/uploads\/2026\/01\/DSC_4296.jpg 512w\" sizes=\"auto, (max-width: 200px) 100vw, 200px\" \/>\n\t\t\t<\/div>\n\t\t\t\t<figcaption class='wp-caption-text gallery-caption' id='gallery-1-6436'>\n\t\t\t\tKri\u017eanec pikastocvetne kukavice in trizobe kukavice.\n\t\t\t\t<\/figcaption><\/figure><figure class='gallery-item'>\n\t\t\t<div class='gallery-icon portrait'>\n\t\t\t\t<img loading=\"lazy\" decoding=\"async\" width=\"240\" height=\"300\" src=\"https:\/\/www.orhideje-bk.eu\/wp-content\/uploads\/2026\/01\/DSC_6522-240x300.jpg\" class=\"attachment-medium size-medium\" alt=\"\" aria-describedby=\"gallery-1-6437\" srcset=\"https:\/\/www.orhideje-bk.eu\/wp-content\/uploads\/2026\/01\/DSC_6522-240x300.jpg 240w, https:\/\/www.orhideje-bk.eu\/wp-content\/uploads\/2026\/01\/DSC_6522-1x1.jpg 1w, https:\/\/www.orhideje-bk.eu\/wp-content\/uploads\/2026\/01\/DSC_6522.jpg 512w\" sizes=\"auto, (max-width: 240px) 100vw, 240px\" \/>\n\t\t\t<\/div>\n\t\t\t\t<figcaption class='wp-caption-text gallery-caption' id='gallery-1-6437'>\n\t\t\t\tHipokromna varijanta pikastocvetne kukavice.\n\t\t\t\t<\/figcaption><\/figure>\n\t\t<\/div>\n\n<\/div>\n\t\t<\/div><\/div><div id=\"pgc-1236-1-2\"  class=\"panel-grid-cell\" ><div id=\"panel-1236-1-2-0\" class=\"so-panel widget widget_simpleimage panel-first-child panel-last-child\" data-index=\"6\" >\n<h3 class=\"widget-title\">Nahajali\u0161\u010da:<\/h3>\n\t<p class=\"simple-image\">\n\t\t<img loading=\"lazy\" decoding=\"async\" width=\"799\" height=\"916\" src=\"https:\/\/www.orhideje-bk.eu\/wp-content\/uploads\/2024\/11\/Neotinea-ustulata.png\" class=\"attachment-full size-full\" alt=\"\" srcset=\"https:\/\/www.orhideje-bk.eu\/wp-content\/uploads\/2024\/11\/Neotinea-ustulata.png 799w, https:\/\/www.orhideje-bk.eu\/wp-content\/uploads\/2024\/11\/Neotinea-ustulata-262x300.png 262w, https:\/\/www.orhideje-bk.eu\/wp-content\/uploads\/2024\/11\/Neotinea-ustulata-768x880.png 768w, https:\/\/www.orhideje-bk.eu\/wp-content\/uploads\/2024\/11\/Neotinea-ustulata-1x1.png 1w\" sizes=\"auto, (max-width: 799px) 100vw, 799px\" \/>\t<\/p>\n\n\n<\/div><\/div><\/div><div id=\"pg-1236-2\"  class=\"panel-grid panel-no-style\" ><div id=\"pgc-1236-2-0\"  class=\"panel-grid-cell\" ><div id=\"panel-1236-2-0-0\" class=\"so-panel widget widget_slideshow panel-first-child panel-last-child\" data-index=\"7\"><h3 class=\"widget-title\">Slideshow<\/h3><div class=\"ngg_slideshow widget\">\n\t\n<div class=\"ngg-galleryoverview ngg-slideshow\"\n\tid=\"ngg-slideshow-1ab3cc88a208776075cd0769a75cbba9-12318994560\"\n\tdata-nextgen-gallery-id=\"33\"\n\tdata-gallery-id=\"1ab3cc88a208776075cd0769a75cbba9\"\n\t\tdata-gallery-name=\"o_ustulata\"\n\t\tstyle=\"max-width: 500px;\n\t\t\tmax-height: 500px;\n\t\t\tdisplay: none;\">\n\n\t\n\t\t<a href=\"https:\/\/www.orhideje-bk.eu\/wp-content\/gallery\/o_ustulata\/O_ustulata_DSC_1561.jpg?t=1609239487\"\n\t\t\ttitle=\"\"\n\t\t\tdata-src=\"https:\/\/www.orhideje-bk.eu\/wp-content\/gallery\/o_ustulata\/O_ustulata_DSC_1561.jpg?t=1609239487\"\n\t\t\tdata-thumbnail=\"https:\/\/www.orhideje-bk.eu\/wp-content\/gallery\/o_ustulata\/thumbs\/thumbs_O_ustulata_DSC_1561.jpg?t=1609239487\"\n\t\t\tdata-image-id=\"1504\"\n\t\t\tdata-image-name=\"O_ustulata_DSC_1561.jpg\"\n\t\t\tdata-title=\"O_ustulata\"\n\t\t\tdata-description=\"\"\n\t\t\t\t\t\t\t\t\t\t\t\t\t\t\tclass=\"ngg-simplelightbox\" rel=\"1ab3cc88a208776075cd0769a75cbba9\">\n\t\t\t\n\t\t\t<img data-image-id='1504'\n\t\t\t\ttitle=\"\"\n\t\t\t\talt=\"O_ustulata\"\n\t\t\t\tsrc=\"https:\/\/www.orhideje-bk.eu\/wp-content\/gallery\/o_ustulata\/O_ustulata_DSC_1561.jpg?t=1609239487\"\n\t\t\t\tstyle=\"max-height: 480px;\"\/>\n\t\t<\/a>\n\n\t\t\n\t\t<a href=\"https:\/\/www.orhideje-bk.eu\/wp-content\/gallery\/o_ustulata\/O_ustulata_DSC_1572.jpg?t=1609239497\"\n\t\t\ttitle=\"\"\n\t\t\tdata-src=\"https:\/\/www.orhideje-bk.eu\/wp-content\/gallery\/o_ustulata\/O_ustulata_DSC_1572.jpg?t=1609239497\"\n\t\t\tdata-thumbnail=\"https:\/\/www.orhideje-bk.eu\/wp-content\/gallery\/o_ustulata\/thumbs\/thumbs_O_ustulata_DSC_1572.jpg?t=1609239497\"\n\t\t\tdata-image-id=\"1505\"\n\t\t\tdata-image-name=\"O_ustulata_DSC_1572.jpg\"\n\t\t\tdata-title=\"O_ustulata\"\n\t\t\tdata-description=\"\"\n\t\t\t\t\t\t\t\t\t\t\t\t\t\t\tclass=\"ngg-simplelightbox\" rel=\"1ab3cc88a208776075cd0769a75cbba9\">\n\t\t\t\n\t\t\t<img data-image-id='1505'\n\t\t\t\ttitle=\"\"\n\t\t\t\talt=\"O_ustulata\"\n\t\t\t\tsrc=\"https:\/\/www.orhideje-bk.eu\/wp-content\/gallery\/o_ustulata\/O_ustulata_DSC_1572.jpg?t=1609239497\"\n\t\t\t\tstyle=\"max-height: 480px;\"\/>\n\t\t<\/a>\n\n\t\t\n\t\t<a href=\"https:\/\/www.orhideje-bk.eu\/wp-content\/gallery\/o_ustulata\/O_ustulata_DSC_1994.jpg?t=1609239510\"\n\t\t\ttitle=\"\"\n\t\t\tdata-src=\"https:\/\/www.orhideje-bk.eu\/wp-content\/gallery\/o_ustulata\/O_ustulata_DSC_1994.jpg?t=1609239510\"\n\t\t\tdata-thumbnail=\"https:\/\/www.orhideje-bk.eu\/wp-content\/gallery\/o_ustulata\/thumbs\/thumbs_O_ustulata_DSC_1994.jpg?t=1609239510\"\n\t\t\tdata-image-id=\"1506\"\n\t\t\tdata-image-name=\"O_ustulata_DSC_1994.jpg\"\n\t\t\tdata-title=\"O_ustulata\"\n\t\t\tdata-description=\"\"\n\t\t\t\t\t\t\t\t\t\t\t\t\t\t\tclass=\"ngg-simplelightbox\" rel=\"1ab3cc88a208776075cd0769a75cbba9\">\n\t\t\t\n\t\t\t<img data-image-id='1506'\n\t\t\t\ttitle=\"\"\n\t\t\t\talt=\"O_ustulata\"\n\t\t\t\tsrc=\"https:\/\/www.orhideje-bk.eu\/wp-content\/gallery\/o_ustulata\/O_ustulata_DSC_1994.jpg?t=1609239510\"\n\t\t\t\tstyle=\"max-height: 480px;\"\/>\n\t\t<\/a>\n\n\t\t\n\t\t<a href=\"https:\/\/www.orhideje-bk.eu\/wp-content\/gallery\/o_ustulata\/O_ustulata__DSC0453.jpg?t=1609239342\"\n\t\t\ttitle=\"\"\n\t\t\tdata-src=\"https:\/\/www.orhideje-bk.eu\/wp-content\/gallery\/o_ustulata\/O_ustulata__DSC0453.jpg?t=1609239342\"\n\t\t\tdata-thumbnail=\"https:\/\/www.orhideje-bk.eu\/wp-content\/gallery\/o_ustulata\/thumbs\/thumbs_O_ustulata__DSC0453.jpg?t=1609239342\"\n\t\t\tdata-image-id=\"1491\"\n\t\t\tdata-image-name=\"O_ustulata__DSC0453.jpg\"\n\t\t\tdata-title=\"O_ustulata\"\n\t\t\tdata-description=\"\"\n\t\t\t\t\t\t\t\t\t\t\t\t\t\t\tclass=\"ngg-simplelightbox\" rel=\"1ab3cc88a208776075cd0769a75cbba9\">\n\t\t\t\n\t\t\t<img data-image-id='1491'\n\t\t\t\ttitle=\"\"\n\t\t\t\talt=\"O_ustulata\"\n\t\t\t\tsrc=\"https:\/\/www.orhideje-bk.eu\/wp-content\/gallery\/o_ustulata\/O_ustulata__DSC0453.jpg?t=1609239342\"\n\t\t\t\tstyle=\"max-height: 480px;\"\/>\n\t\t<\/a>\n\n\t\t\n\t\t<a href=\"https:\/\/www.orhideje-bk.eu\/wp-content\/gallery\/o_ustulata\/O_ustulata__DSC0465.jpg?t=1609239352\"\n\t\t\ttitle=\"\"\n\t\t\tdata-src=\"https:\/\/www.orhideje-bk.eu\/wp-content\/gallery\/o_ustulata\/O_ustulata__DSC0465.jpg?t=1609239352\"\n\t\t\tdata-thumbnail=\"https:\/\/www.orhideje-bk.eu\/wp-content\/gallery\/o_ustulata\/thumbs\/thumbs_O_ustulata__DSC0465.jpg?t=1609239352\"\n\t\t\tdata-image-id=\"1492\"\n\t\t\tdata-image-name=\"O_ustulata__DSC0465.jpg\"\n\t\t\tdata-title=\"O_ustulata\"\n\t\t\tdata-description=\"\"\n\t\t\t\t\t\t\t\t\t\t\t\t\t\t\tclass=\"ngg-simplelightbox\" rel=\"1ab3cc88a208776075cd0769a75cbba9\">\n\t\t\t\n\t\t\t<img data-image-id='1492'\n\t\t\t\ttitle=\"\"\n\t\t\t\talt=\"O_ustulata\"\n\t\t\t\tsrc=\"https:\/\/www.orhideje-bk.eu\/wp-content\/gallery\/o_ustulata\/O_ustulata__DSC0465.jpg?t=1609239352\"\n\t\t\t\tstyle=\"max-height: 480px;\"\/>\n\t\t<\/a>\n\n\t\t\n\t\t<a href=\"https:\/\/www.orhideje-bk.eu\/wp-content\/gallery\/o_ustulata\/O_ustulata__DSC0468.jpg?t=1609239368\"\n\t\t\ttitle=\"\"\n\t\t\tdata-src=\"https:\/\/www.orhideje-bk.eu\/wp-content\/gallery\/o_ustulata\/O_ustulata__DSC0468.jpg?t=1609239368\"\n\t\t\tdata-thumbnail=\"https:\/\/www.orhideje-bk.eu\/wp-content\/gallery\/o_ustulata\/thumbs\/thumbs_O_ustulata__DSC0468.jpg?t=1609239368\"\n\t\t\tdata-image-id=\"1493\"\n\t\t\tdata-image-name=\"O_ustulata__DSC0468.jpg\"\n\t\t\tdata-title=\"O_ustulata\"\n\t\t\tdata-description=\"\"\n\t\t\t\t\t\t\t\t\t\t\t\t\t\t\tclass=\"ngg-simplelightbox\" rel=\"1ab3cc88a208776075cd0769a75cbba9\">\n\t\t\t\n\t\t\t<img data-image-id='1493'\n\t\t\t\ttitle=\"\"\n\t\t\t\talt=\"O_ustulata\"\n\t\t\t\tsrc=\"https:\/\/www.orhideje-bk.eu\/wp-content\/gallery\/o_ustulata\/O_ustulata__DSC0468.jpg?t=1609239368\"\n\t\t\t\tstyle=\"max-height: 480px;\"\/>\n\t\t<\/a>\n\n\t\t\n\t\t<a href=\"https:\/\/www.orhideje-bk.eu\/wp-content\/gallery\/o_ustulata\/O_ustulata__DSC0473.jpg?t=1609239378\"\n\t\t\ttitle=\"\"\n\t\t\tdata-src=\"https:\/\/www.orhideje-bk.eu\/wp-content\/gallery\/o_ustulata\/O_ustulata__DSC0473.jpg?t=1609239378\"\n\t\t\tdata-thumbnail=\"https:\/\/www.orhideje-bk.eu\/wp-content\/gallery\/o_ustulata\/thumbs\/thumbs_O_ustulata__DSC0473.jpg?t=1609239378\"\n\t\t\tdata-image-id=\"1494\"\n\t\t\tdata-image-name=\"O_ustulata__DSC0473.jpg\"\n\t\t\tdata-title=\"O_ustulata\"\n\t\t\tdata-description=\"\"\n\t\t\t\t\t\t\t\t\t\t\t\t\t\t\tclass=\"ngg-simplelightbox\" rel=\"1ab3cc88a208776075cd0769a75cbba9\">\n\t\t\t\n\t\t\t<img data-image-id='1494'\n\t\t\t\ttitle=\"\"\n\t\t\t\talt=\"O_ustulata\"\n\t\t\t\tsrc=\"https:\/\/www.orhideje-bk.eu\/wp-content\/gallery\/o_ustulata\/O_ustulata__DSC0473.jpg?t=1609239378\"\n\t\t\t\tstyle=\"max-height: 480px;\"\/>\n\t\t<\/a>\n\n\t\t\n\t\t<a href=\"https:\/\/www.orhideje-bk.eu\/wp-content\/gallery\/o_ustulata\/O_ustulata__DSC0491.jpg?t=1609239395\"\n\t\t\ttitle=\"\"\n\t\t\tdata-src=\"https:\/\/www.orhideje-bk.eu\/wp-content\/gallery\/o_ustulata\/O_ustulata__DSC0491.jpg?t=1609239395\"\n\t\t\tdata-thumbnail=\"https:\/\/www.orhideje-bk.eu\/wp-content\/gallery\/o_ustulata\/thumbs\/thumbs_O_ustulata__DSC0491.jpg?t=1609239395\"\n\t\t\tdata-image-id=\"1495\"\n\t\t\tdata-image-name=\"O_ustulata__DSC0491.jpg\"\n\t\t\tdata-title=\"O_ustulata\"\n\t\t\tdata-description=\"\"\n\t\t\t\t\t\t\t\t\t\t\t\t\t\t\tclass=\"ngg-simplelightbox\" rel=\"1ab3cc88a208776075cd0769a75cbba9\">\n\t\t\t\n\t\t\t<img data-image-id='1495'\n\t\t\t\ttitle=\"\"\n\t\t\t\talt=\"O_ustulata\"\n\t\t\t\tsrc=\"https:\/\/www.orhideje-bk.eu\/wp-content\/gallery\/o_ustulata\/O_ustulata__DSC0491.jpg?t=1609239395\"\n\t\t\t\tstyle=\"max-height: 480px;\"\/>\n\t\t<\/a>\n\n\t\t\n\t\t<a href=\"https:\/\/www.orhideje-bk.eu\/wp-content\/gallery\/o_ustulata\/O_ustulata__DSC0494.jpg?t=1609239409\"\n\t\t\ttitle=\"\"\n\t\t\tdata-src=\"https:\/\/www.orhideje-bk.eu\/wp-content\/gallery\/o_ustulata\/O_ustulata__DSC0494.jpg?t=1609239409\"\n\t\t\tdata-thumbnail=\"https:\/\/www.orhideje-bk.eu\/wp-content\/gallery\/o_ustulata\/thumbs\/thumbs_O_ustulata__DSC0494.jpg?t=1609239409\"\n\t\t\tdata-image-id=\"1496\"\n\t\t\tdata-image-name=\"O_ustulata__DSC0494.jpg\"\n\t\t\tdata-title=\"O_ustulata\"\n\t\t\tdata-description=\"\"\n\t\t\t\t\t\t\t\t\t\t\t\t\t\t\tclass=\"ngg-simplelightbox\" rel=\"1ab3cc88a208776075cd0769a75cbba9\">\n\t\t\t\n\t\t\t<img data-image-id='1496'\n\t\t\t\ttitle=\"\"\n\t\t\t\talt=\"O_ustulata\"\n\t\t\t\tsrc=\"https:\/\/www.orhideje-bk.eu\/wp-content\/gallery\/o_ustulata\/O_ustulata__DSC0494.jpg?t=1609239409\"\n\t\t\t\tstyle=\"max-height: 480px;\"\/>\n\t\t<\/a>\n\n\t\t\n\t\t<a href=\"https:\/\/www.orhideje-bk.eu\/wp-content\/gallery\/o_ustulata\/O_ustulata__DSC0505.jpg?t=1609239413\"\n\t\t\ttitle=\"\"\n\t\t\tdata-src=\"https:\/\/www.orhideje-bk.eu\/wp-content\/gallery\/o_ustulata\/O_ustulata__DSC0505.jpg?t=1609239413\"\n\t\t\tdata-thumbnail=\"https:\/\/www.orhideje-bk.eu\/wp-content\/gallery\/o_ustulata\/thumbs\/thumbs_O_ustulata__DSC0505.jpg?t=1609239413\"\n\t\t\tdata-image-id=\"1497\"\n\t\t\tdata-image-name=\"O_ustulata__DSC0505.jpg\"\n\t\t\tdata-title=\"O_ustulata\"\n\t\t\tdata-description=\"\"\n\t\t\t\t\t\t\t\t\t\t\t\t\t\t\tclass=\"ngg-simplelightbox\" rel=\"1ab3cc88a208776075cd0769a75cbba9\">\n\t\t\t\n\t\t\t<img data-image-id='1497'\n\t\t\t\ttitle=\"\"\n\t\t\t\talt=\"O_ustulata\"\n\t\t\t\tsrc=\"https:\/\/www.orhideje-bk.eu\/wp-content\/gallery\/o_ustulata\/O_ustulata__DSC0505.jpg?t=1609239413\"\n\t\t\t\tstyle=\"max-height: 480px;\"\/>\n\t\t<\/a>\n\n\t\t\n\t\t<a href=\"https:\/\/www.orhideje-bk.eu\/wp-content\/gallery\/o_ustulata\/O_ustulata__DSC0506.jpg?t=1609239422\"\n\t\t\ttitle=\"\"\n\t\t\tdata-src=\"https:\/\/www.orhideje-bk.eu\/wp-content\/gallery\/o_ustulata\/O_ustulata__DSC0506.jpg?t=1609239422\"\n\t\t\tdata-thumbnail=\"https:\/\/www.orhideje-bk.eu\/wp-content\/gallery\/o_ustulata\/thumbs\/thumbs_O_ustulata__DSC0506.jpg?t=1609239422\"\n\t\t\tdata-image-id=\"1498\"\n\t\t\tdata-image-name=\"O_ustulata__DSC0506.jpg\"\n\t\t\tdata-title=\"O_ustulata\"\n\t\t\tdata-description=\"\"\n\t\t\t\t\t\t\t\t\t\t\t\t\t\t\tclass=\"ngg-simplelightbox\" rel=\"1ab3cc88a208776075cd0769a75cbba9\">\n\t\t\t\n\t\t\t<img data-image-id='1498'\n\t\t\t\ttitle=\"\"\n\t\t\t\talt=\"O_ustulata\"\n\t\t\t\tsrc=\"https:\/\/www.orhideje-bk.eu\/wp-content\/gallery\/o_ustulata\/O_ustulata__DSC0506.jpg?t=1609239422\"\n\t\t\t\tstyle=\"max-height: 480px;\"\/>\n\t\t<\/a>\n\n\t\t\n\t\t<a href=\"https:\/\/www.orhideje-bk.eu\/wp-content\/gallery\/o_ustulata\/O_ustulata__DSC0569.jpg?t=1609239435\"\n\t\t\ttitle=\"\"\n\t\t\tdata-src=\"https:\/\/www.orhideje-bk.eu\/wp-content\/gallery\/o_ustulata\/O_ustulata__DSC0569.jpg?t=1609239435\"\n\t\t\tdata-thumbnail=\"https:\/\/www.orhideje-bk.eu\/wp-content\/gallery\/o_ustulata\/thumbs\/thumbs_O_ustulata__DSC0569.jpg?t=1609239435\"\n\t\t\tdata-image-id=\"1499\"\n\t\t\tdata-image-name=\"O_ustulata__DSC0569.jpg\"\n\t\t\tdata-title=\"O_ustulata\"\n\t\t\tdata-description=\"\"\n\t\t\t\t\t\t\t\t\t\t\t\t\t\t\tclass=\"ngg-simplelightbox\" rel=\"1ab3cc88a208776075cd0769a75cbba9\">\n\t\t\t\n\t\t\t<img data-image-id='1499'\n\t\t\t\ttitle=\"\"\n\t\t\t\talt=\"O_ustulata\"\n\t\t\t\tsrc=\"https:\/\/www.orhideje-bk.eu\/wp-content\/gallery\/o_ustulata\/O_ustulata__DSC0569.jpg?t=1609239435\"\n\t\t\t\tstyle=\"max-height: 480px;\"\/>\n\t\t<\/a>\n\n\t\t\n\t\t<a href=\"https:\/\/www.orhideje-bk.eu\/wp-content\/gallery\/o_ustulata\/O_ustulata__DSC0990.jpg?t=1609239450\"\n\t\t\ttitle=\"\"\n\t\t\tdata-src=\"https:\/\/www.orhideje-bk.eu\/wp-content\/gallery\/o_ustulata\/O_ustulata__DSC0990.jpg?t=1609239450\"\n\t\t\tdata-thumbnail=\"https:\/\/www.orhideje-bk.eu\/wp-content\/gallery\/o_ustulata\/thumbs\/thumbs_O_ustulata__DSC0990.jpg?t=1609239450\"\n\t\t\tdata-image-id=\"1500\"\n\t\t\tdata-image-name=\"O_ustulata__DSC0990.jpg\"\n\t\t\tdata-title=\"O_ustulata\"\n\t\t\tdata-description=\"\"\n\t\t\t\t\t\t\t\t\t\t\t\t\t\t\tclass=\"ngg-simplelightbox\" rel=\"1ab3cc88a208776075cd0769a75cbba9\">\n\t\t\t\n\t\t\t<img data-image-id='1500'\n\t\t\t\ttitle=\"\"\n\t\t\t\talt=\"O_ustulata\"\n\t\t\t\tsrc=\"https:\/\/www.orhideje-bk.eu\/wp-content\/gallery\/o_ustulata\/O_ustulata__DSC0990.jpg?t=1609239450\"\n\t\t\t\tstyle=\"max-height: 480px;\"\/>\n\t\t<\/a>\n\n\t\t\n\t\t<a href=\"https:\/\/www.orhideje-bk.eu\/wp-content\/gallery\/o_ustulata\/O_ustulata__DSC5324.jpg?t=1609239462\"\n\t\t\ttitle=\"\"\n\t\t\tdata-src=\"https:\/\/www.orhideje-bk.eu\/wp-content\/gallery\/o_ustulata\/O_ustulata__DSC5324.jpg?t=1609239462\"\n\t\t\tdata-thumbnail=\"https:\/\/www.orhideje-bk.eu\/wp-content\/gallery\/o_ustulata\/thumbs\/thumbs_O_ustulata__DSC5324.jpg?t=1609239462\"\n\t\t\tdata-image-id=\"1501\"\n\t\t\tdata-image-name=\"O_ustulata__DSC5324.jpg\"\n\t\t\tdata-title=\"O_ustulata\"\n\t\t\tdata-description=\"\"\n\t\t\t\t\t\t\t\t\t\t\t\t\t\t\tclass=\"ngg-simplelightbox\" rel=\"1ab3cc88a208776075cd0769a75cbba9\">\n\t\t\t\n\t\t\t<img data-image-id='1501'\n\t\t\t\ttitle=\"\"\n\t\t\t\talt=\"O_ustulata\"\n\t\t\t\tsrc=\"https:\/\/www.orhideje-bk.eu\/wp-content\/gallery\/o_ustulata\/O_ustulata__DSC5324.jpg?t=1609239462\"\n\t\t\t\tstyle=\"max-height: 480px;\"\/>\n\t\t<\/a>\n\n\t\t\n\t\t<a href=\"https:\/\/www.orhideje-bk.eu\/wp-content\/gallery\/o_ustulata\/O_ustulata__DSC5336.jpg?t=1609239471\"\n\t\t\ttitle=\"\"\n\t\t\tdata-src=\"https:\/\/www.orhideje-bk.eu\/wp-content\/gallery\/o_ustulata\/O_ustulata__DSC5336.jpg?t=1609239471\"\n\t\t\tdata-thumbnail=\"https:\/\/www.orhideje-bk.eu\/wp-content\/gallery\/o_ustulata\/thumbs\/thumbs_O_ustulata__DSC5336.jpg?t=1609239471\"\n\t\t\tdata-image-id=\"1502\"\n\t\t\tdata-image-name=\"O_ustulata__DSC5336.jpg\"\n\t\t\tdata-title=\"O_ustulata\"\n\t\t\tdata-description=\"\"\n\t\t\t\t\t\t\t\t\t\t\t\t\t\t\tclass=\"ngg-simplelightbox\" rel=\"1ab3cc88a208776075cd0769a75cbba9\">\n\t\t\t\n\t\t\t<img data-image-id='1502'\n\t\t\t\ttitle=\"\"\n\t\t\t\talt=\"O_ustulata\"\n\t\t\t\tsrc=\"https:\/\/www.orhideje-bk.eu\/wp-content\/gallery\/o_ustulata\/O_ustulata__DSC5336.jpg?t=1609239471\"\n\t\t\t\tstyle=\"max-height: 480px;\"\/>\n\t\t<\/a>\n\n\t\t\n\t\t<a href=\"https:\/\/www.orhideje-bk.eu\/wp-content\/gallery\/o_ustulata\/O_ustulata__DSC8334.jpg?t=1609239476\"\n\t\t\ttitle=\"\"\n\t\t\tdata-src=\"https:\/\/www.orhideje-bk.eu\/wp-content\/gallery\/o_ustulata\/O_ustulata__DSC8334.jpg?t=1609239476\"\n\t\t\tdata-thumbnail=\"https:\/\/www.orhideje-bk.eu\/wp-content\/gallery\/o_ustulata\/thumbs\/thumbs_O_ustulata__DSC8334.jpg?t=1609239476\"\n\t\t\tdata-image-id=\"1503\"\n\t\t\tdata-image-name=\"O_ustulata__DSC8334.jpg\"\n\t\t\tdata-title=\"O_ustulata\"\n\t\t\tdata-description=\"\"\n\t\t\t\t\t\t\t\t\t\t\t\t\t\t\tclass=\"ngg-simplelightbox\" rel=\"1ab3cc88a208776075cd0769a75cbba9\">\n\t\t\t\n\t\t\t<img data-image-id='1503'\n\t\t\t\ttitle=\"\"\n\t\t\t\talt=\"O_ustulata\"\n\t\t\t\tsrc=\"https:\/\/www.orhideje-bk.eu\/wp-content\/gallery\/o_ustulata\/O_ustulata__DSC8334.jpg?t=1609239476\"\n\t\t\t\tstyle=\"max-height: 480px;\"\/>\n\t\t<\/a>\n\n\t\t<\/div>\n\n\n<\/div>\n<\/div><\/div><\/div><\/div>","protected":false},"excerpt":{"rendered":"<p>Neotinea: po botaniku Vincenzu Tineo (1791-1856), ki je bil profesor botanike in vodja botani\u010dnega vrta v Palermu od 1815-1836. Njegovi najbolj znani deli sta Plantarum rariorum Siciliae (1817) in Catalogus plantarum horti (1827). ustulata: za\u017egana (po barvi \u010delade, ki izgleda kot za\u017egana) maj, junij Vrsta, ki zaradi nekoliko poznej\u0161ega cvetenja izginja iz belokranjskih travnikov, ki [&hellip;]<\/p>\n","protected":false},"author":1,"featured_media":0,"parent":0,"menu_order":0,"comment_status":"closed","ping_status":"closed","template":"","meta":{"_acf_changed":false,"ngg_post_thumbnail":0,"footnotes":""},"class_list":["post-1236","page","type-page","status-publish","hentry"],"acf":[],"_links":{"self":[{"href":"https:\/\/www.orhideje-bk.eu\/index.php?rest_route=\/wp\/v2\/pages\/1236","targetHints":{"allow":["GET"]}}],"collection":[{"href":"https:\/\/www.orhideje-bk.eu\/index.php?rest_route=\/wp\/v2\/pages"}],"about":[{"href":"https:\/\/www.orhideje-bk.eu\/index.php?rest_route=\/wp\/v2\/types\/page"}],"author":[{"embeddable":true,"href":"https:\/\/www.orhideje-bk.eu\/index.php?rest_route=\/wp\/v2\/users\/1"}],"replies":[{"embeddable":true,"href":"https:\/\/www.orhideje-bk.eu\/index.php?rest_route=%2Fwp%2Fv2%2Fcomments&post=1236"}],"version-history":[{"count":2,"href":"https:\/\/www.orhideje-bk.eu\/index.php?rest_route=\/wp\/v2\/pages\/1236\/revisions"}],"predecessor-version":[{"id":6440,"href":"https:\/\/www.orhideje-bk.eu\/index.php?rest_route=\/wp\/v2\/pages\/1236\/revisions\/6440"}],"wp:attachment":[{"href":"https:\/\/www.orhideje-bk.eu\/index.php?rest_route=%2Fwp%2Fv2%2Fmedia&parent=1236"}],"curies":[{"name":"wp","href":"https:\/\/api.w.org\/{rel}","templated":true}]}}