{"id":306,"date":"2015-01-03T10:02:36","date_gmt":"2015-01-03T10:02:36","guid":{"rendered":"http:\/\/www.orhideje-bk.eu\/?page_id=306"},"modified":"2026-01-03T13:53:57","modified_gmt":"2026-01-03T13:53:57","slug":"rdeca-naglavka","status":"publish","type":"page","link":"https:\/\/www.orhideje-bk.eu\/?page_id=306","title":{"rendered":"rde\u010da naglavka"},"content":{"rendered":"<div id=\"pl-306\"  class=\"panel-layout\" ><div id=\"pg-306-0\"  class=\"panel-grid panel-no-style\" ><div id=\"pgc-306-0-0\"  class=\"panel-grid-cell\" ><div id=\"panel-306-0-0-0\" class=\"so-panel widget widget_text panel-first-child panel-last-child\" data-index=\"0\" ><h3 class=\"widget-title\">Cephalanthera rubra<\/h3>\t\t\t<div class=\"textwidget\"><\/div>\n\t\t<\/div><\/div><\/div><div id=\"pg-306-1\"  class=\"panel-grid panel-no-style\" ><div id=\"pgc-306-1-0\"  class=\"panel-grid-cell\" ><div id=\"panel-306-1-0-0\" class=\"so-panel widget widget_sow-image panel-first-child\" data-index=\"1\" ><div\n\t\t\t\n\t\t\tclass=\"so-widget-sow-image so-widget-sow-image-default-8b5b6f678277-306\"\n\t\t\t\n\t\t>\n<div class=\"sow-image-container\">\n\t\t<img \n\tsrc=\"https:\/\/www.orhideje-bk.eu\/wp-content\/uploads\/2015\/01\/C_rubra_levo_DSC_2967.jpg\" width=\"266\" height=\"400\" srcset=\"https:\/\/www.orhideje-bk.eu\/wp-content\/uploads\/2015\/01\/C_rubra_levo_DSC_2967.jpg 266w, https:\/\/www.orhideje-bk.eu\/wp-content\/uploads\/2015\/01\/C_rubra_levo_DSC_2967-200x300.jpg 200w, https:\/\/www.orhideje-bk.eu\/wp-content\/uploads\/2015\/01\/C_rubra_levo_DSC_2967-100x150.jpg 100w\" sizes=\"(max-width: 266px) 100vw, 266px\" alt=\"\" \t\tclass=\"so-widget-image\"\/>\n\t<\/div>\n\n<\/div><\/div><div id=\"panel-306-1-0-1\" class=\"so-panel widget widget_sow-image panel-last-child\" data-index=\"2\" ><div\n\t\t\t\n\t\t\tclass=\"so-widget-sow-image so-widget-sow-image-default-8b5b6f678277-306\"\n\t\t\t\n\t\t>\n<div class=\"sow-image-container\">\n\t\t<img \n\tsrc=\"https:\/\/www.orhideje-bk.eu\/wp-content\/uploads\/2026\/01\/DSC_2496_01.jpg\" width=\"512\" height=\"680\" srcset=\"https:\/\/www.orhideje-bk.eu\/wp-content\/uploads\/2026\/01\/DSC_2496_01.jpg 512w, https:\/\/www.orhideje-bk.eu\/wp-content\/uploads\/2026\/01\/DSC_2496_01-226x300.jpg 226w, https:\/\/www.orhideje-bk.eu\/wp-content\/uploads\/2026\/01\/DSC_2496_01-1x1.jpg 1w\" sizes=\"(max-width: 512px) 100vw, 512px\" alt=\"\" \t\tclass=\"so-widget-image\"\/>\n\t<\/div>\n\n<\/div><\/div><\/div><div id=\"pgc-306-1-1\"  class=\"panel-grid-cell\" ><div id=\"panel-306-1-1-0\" class=\"so-panel widget widget_text panel-first-child\" data-index=\"3\" ><div class=\"panel-widget-style panel-widget-style-for-306-1-1-0\" ><h3 class=\"widget-title\">Izvor imena:<\/h3>\t\t\t<div class=\"textwidget\"><p>cephal: glava; anthera: pra\u0161nik (nana\u0161a se na okroglasto obliko pra\u0161nika)<br \/>\nrubra: rde\u010da<\/p>\n<\/div>\n\t\t<\/div><\/div><div id=\"panel-306-1-1-1\" class=\"so-panel widget widget_text\" data-index=\"4\" ><h3 class=\"widget-title\">\u010cas cvetenja:<\/h3>\t\t\t<div class=\"textwidget\"><p>maj, junij<\/p>\n<\/div>\n\t\t<\/div><div id=\"panel-306-1-1-2\" class=\"so-panel widget widget_text panel-last-child\" data-index=\"5\" ><h3 class=\"widget-title\">Zanimivosti:<\/h3>\t\t\t<div class=\"textwidget\"><p>Izmed vseh treh vrst rodu je rde\u010da naglavka v Beli krajini najbolj redka. Omeniti velja \u0161tevil\u010dno populacijo v okolici Mo\u010dil, kjer je zelo raz\u0161irjena v podrasti in kjer uspevajo tudi nekaj albino osebkov.<\/p>\n<p>Uspeva na gozdnih robovih (najpogosteje bukovi gozdni) na apnen\u010dastih tleh, kjer je vsaj del dneva v senci. Ni obi\u010dajno, da raste na odprtih travnikih.<\/p>\n<p>Opra\u0161evalce (samotarske \u010debele) privablja s posnemanjem cvetov zvon\u010dnic (Campanulaceae), ker cvetovi ne proizvajajo nektarja. Mehanizem opra\u0161evanje je na dokaj nizki razvojni stopnji, zato je opra\u0161evanje velikokrat neu\u010dinkovito. Vrsta se zato v glavnem razmno\u017euje vegetativno z rizomi, ki lahko pre\u017eivijo dalj\u0161e obdobje brez nadzemnih delov.<\/p>\n<\/div>\n\t\t<\/div><\/div><div id=\"pgc-306-1-2\"  class=\"panel-grid-cell\" ><div id=\"panel-306-1-2-0\" class=\"so-panel widget widget_simpleimage panel-first-child panel-last-child\" data-index=\"6\" >\n<h3 class=\"widget-title\">Nahajali\u0161\u010da:<\/h3>\n\t<p class=\"simple-image\">\n\t\t<img loading=\"lazy\" decoding=\"async\" width=\"799\" height=\"916\" src=\"https:\/\/www.orhideje-bk.eu\/wp-content\/uploads\/2024\/11\/Cephalanthera-rubra.png\" class=\"attachment-full size-full\" alt=\"\" srcset=\"https:\/\/www.orhideje-bk.eu\/wp-content\/uploads\/2024\/11\/Cephalanthera-rubra.png 799w, https:\/\/www.orhideje-bk.eu\/wp-content\/uploads\/2024\/11\/Cephalanthera-rubra-262x300.png 262w, https:\/\/www.orhideje-bk.eu\/wp-content\/uploads\/2024\/11\/Cephalanthera-rubra-768x880.png 768w, https:\/\/www.orhideje-bk.eu\/wp-content\/uploads\/2024\/11\/Cephalanthera-rubra-1x1.png 1w\" sizes=\"auto, (max-width: 799px) 100vw, 799px\" \/>\t<\/p>\n\n\n<\/div><\/div><\/div><div id=\"pg-306-2\"  class=\"panel-grid panel-no-style\" ><div id=\"pgc-306-2-0\"  class=\"panel-grid-cell\" ><div id=\"panel-306-2-0-0\" class=\"so-panel widget widget_slideshow panel-first-child panel-last-child\" data-index=\"7\"><h3 class=\"widget-title\">Slideshow<\/h3><div class=\"ngg_slideshow widget\">\n\t\n<div class=\"ngg-galleryoverview ngg-slideshow\"\n\tid=\"ngg-slideshow-dfdafaec7b2aa38c93fd14e076180d6d-16706490200\"\n\tdata-nextgen-gallery-id=\"8\"\n\tdata-gallery-id=\"dfdafaec7b2aa38c93fd14e076180d6d\"\n\t\tdata-gallery-name=\"c_rubra\"\n\t\tstyle=\"max-width: 500px;\n\t\t\tmax-height: 500px;\n\t\t\tdisplay: none;\">\n\n\t\n\t\t<a href=\"https:\/\/www.orhideje-bk.eu\/wp-content\/gallery\/c_rubra\/C_rubra_DSC_2448.jpg?t=1609155129\"\n\t\t\ttitle=\"\"\n\t\t\tdata-src=\"https:\/\/www.orhideje-bk.eu\/wp-content\/gallery\/c_rubra\/C_rubra_DSC_2448.jpg?t=1609155129\"\n\t\t\tdata-thumbnail=\"https:\/\/www.orhideje-bk.eu\/wp-content\/gallery\/c_rubra\/thumbs\/thumbs_C_rubra_DSC_2448.jpg?t=1609155129\"\n\t\t\tdata-image-id=\"1236\"\n\t\t\tdata-image-name=\"C_rubra_DSC_2448.jpg\"\n\t\t\tdata-title=\"C_rubra\"\n\t\t\tdata-description=\"\"\n\t\t\t\t\t\t\t\t\t\t\t\t\t\t\tclass=\"ngg-simplelightbox\" rel=\"dfdafaec7b2aa38c93fd14e076180d6d\">\n\t\t\t\n\t\t\t<img data-image-id='1236'\n\t\t\t\ttitle=\"\"\n\t\t\t\talt=\"C_rubra\"\n\t\t\t\tsrc=\"https:\/\/www.orhideje-bk.eu\/wp-content\/gallery\/c_rubra\/C_rubra_DSC_2448.jpg?t=1609155129\"\n\t\t\t\tstyle=\"max-height: 480px;\"\/>\n\t\t<\/a>\n\n\t\t\n\t\t<a href=\"https:\/\/www.orhideje-bk.eu\/wp-content\/gallery\/c_rubra\/C_rubra_DSC_2459.jpg?t=1609155136\"\n\t\t\ttitle=\"\"\n\t\t\tdata-src=\"https:\/\/www.orhideje-bk.eu\/wp-content\/gallery\/c_rubra\/C_rubra_DSC_2459.jpg?t=1609155136\"\n\t\t\tdata-thumbnail=\"https:\/\/www.orhideje-bk.eu\/wp-content\/gallery\/c_rubra\/thumbs\/thumbs_C_rubra_DSC_2459.jpg?t=1609155136\"\n\t\t\tdata-image-id=\"1237\"\n\t\t\tdata-image-name=\"C_rubra_DSC_2459.jpg\"\n\t\t\tdata-title=\"C_rubra\"\n\t\t\tdata-description=\"\"\n\t\t\t\t\t\t\t\t\t\t\t\t\t\t\tclass=\"ngg-simplelightbox\" rel=\"dfdafaec7b2aa38c93fd14e076180d6d\">\n\t\t\t\n\t\t\t<img data-image-id='1237'\n\t\t\t\ttitle=\"\"\n\t\t\t\talt=\"C_rubra\"\n\t\t\t\tsrc=\"https:\/\/www.orhideje-bk.eu\/wp-content\/gallery\/c_rubra\/C_rubra_DSC_2459.jpg?t=1609155136\"\n\t\t\t\tstyle=\"max-height: 480px;\"\/>\n\t\t<\/a>\n\n\t\t\n\t\t<a href=\"https:\/\/www.orhideje-bk.eu\/wp-content\/gallery\/c_rubra\/C_rubra_DSC_2461.jpg?t=1609155143\"\n\t\t\ttitle=\"\"\n\t\t\tdata-src=\"https:\/\/www.orhideje-bk.eu\/wp-content\/gallery\/c_rubra\/C_rubra_DSC_2461.jpg?t=1609155143\"\n\t\t\tdata-thumbnail=\"https:\/\/www.orhideje-bk.eu\/wp-content\/gallery\/c_rubra\/thumbs\/thumbs_C_rubra_DSC_2461.jpg?t=1609155143\"\n\t\t\tdata-image-id=\"1238\"\n\t\t\tdata-image-name=\"C_rubra_DSC_2461.jpg\"\n\t\t\tdata-title=\"C_rubra\"\n\t\t\tdata-description=\"\"\n\t\t\t\t\t\t\t\t\t\t\t\t\t\t\tclass=\"ngg-simplelightbox\" rel=\"dfdafaec7b2aa38c93fd14e076180d6d\">\n\t\t\t\n\t\t\t<img data-image-id='1238'\n\t\t\t\ttitle=\"\"\n\t\t\t\talt=\"C_rubra\"\n\t\t\t\tsrc=\"https:\/\/www.orhideje-bk.eu\/wp-content\/gallery\/c_rubra\/C_rubra_DSC_2461.jpg?t=1609155143\"\n\t\t\t\tstyle=\"max-height: 480px;\"\/>\n\t\t<\/a>\n\n\t\t\n\t\t<a href=\"https:\/\/www.orhideje-bk.eu\/wp-content\/gallery\/c_rubra\/C_rubra_DSC_2463.jpg?t=1609155152\"\n\t\t\ttitle=\"\"\n\t\t\tdata-src=\"https:\/\/www.orhideje-bk.eu\/wp-content\/gallery\/c_rubra\/C_rubra_DSC_2463.jpg?t=1609155152\"\n\t\t\tdata-thumbnail=\"https:\/\/www.orhideje-bk.eu\/wp-content\/gallery\/c_rubra\/thumbs\/thumbs_C_rubra_DSC_2463.jpg?t=1609155152\"\n\t\t\tdata-image-id=\"1239\"\n\t\t\tdata-image-name=\"C_rubra_DSC_2463.jpg\"\n\t\t\tdata-title=\"C_rubra\"\n\t\t\tdata-description=\"\"\n\t\t\t\t\t\t\t\t\t\t\t\t\t\t\tclass=\"ngg-simplelightbox\" rel=\"dfdafaec7b2aa38c93fd14e076180d6d\">\n\t\t\t\n\t\t\t<img data-image-id='1239'\n\t\t\t\ttitle=\"\"\n\t\t\t\talt=\"C_rubra\"\n\t\t\t\tsrc=\"https:\/\/www.orhideje-bk.eu\/wp-content\/gallery\/c_rubra\/C_rubra_DSC_2463.jpg?t=1609155152\"\n\t\t\t\tstyle=\"max-height: 480px;\"\/>\n\t\t<\/a>\n\n\t\t\n\t\t<a href=\"https:\/\/www.orhideje-bk.eu\/wp-content\/gallery\/c_rubra\/C_rubra_DSC_2464.jpg?t=1609155161\"\n\t\t\ttitle=\"\"\n\t\t\tdata-src=\"https:\/\/www.orhideje-bk.eu\/wp-content\/gallery\/c_rubra\/C_rubra_DSC_2464.jpg?t=1609155161\"\n\t\t\tdata-thumbnail=\"https:\/\/www.orhideje-bk.eu\/wp-content\/gallery\/c_rubra\/thumbs\/thumbs_C_rubra_DSC_2464.jpg?t=1609155161\"\n\t\t\tdata-image-id=\"1240\"\n\t\t\tdata-image-name=\"C_rubra_DSC_2464.jpg\"\n\t\t\tdata-title=\"C_rubra\"\n\t\t\tdata-description=\"\"\n\t\t\t\t\t\t\t\t\t\t\t\t\t\t\tclass=\"ngg-simplelightbox\" rel=\"dfdafaec7b2aa38c93fd14e076180d6d\">\n\t\t\t\n\t\t\t<img data-image-id='1240'\n\t\t\t\ttitle=\"\"\n\t\t\t\talt=\"C_rubra\"\n\t\t\t\tsrc=\"https:\/\/www.orhideje-bk.eu\/wp-content\/gallery\/c_rubra\/C_rubra_DSC_2464.jpg?t=1609155161\"\n\t\t\t\tstyle=\"max-height: 480px;\"\/>\n\t\t<\/a>\n\n\t\t\n\t\t<a href=\"https:\/\/www.orhideje-bk.eu\/wp-content\/gallery\/c_rubra\/C_rubra_DSC_2466.jpg?t=1609155170\"\n\t\t\ttitle=\"\"\n\t\t\tdata-src=\"https:\/\/www.orhideje-bk.eu\/wp-content\/gallery\/c_rubra\/C_rubra_DSC_2466.jpg?t=1609155170\"\n\t\t\tdata-thumbnail=\"https:\/\/www.orhideje-bk.eu\/wp-content\/gallery\/c_rubra\/thumbs\/thumbs_C_rubra_DSC_2466.jpg?t=1609155170\"\n\t\t\tdata-image-id=\"1241\"\n\t\t\tdata-image-name=\"C_rubra_DSC_2466.jpg\"\n\t\t\tdata-title=\"C_rubra\"\n\t\t\tdata-description=\"\"\n\t\t\t\t\t\t\t\t\t\t\t\t\t\t\tclass=\"ngg-simplelightbox\" rel=\"dfdafaec7b2aa38c93fd14e076180d6d\">\n\t\t\t\n\t\t\t<img data-image-id='1241'\n\t\t\t\ttitle=\"\"\n\t\t\t\talt=\"C_rubra\"\n\t\t\t\tsrc=\"https:\/\/www.orhideje-bk.eu\/wp-content\/gallery\/c_rubra\/C_rubra_DSC_2466.jpg?t=1609155170\"\n\t\t\t\tstyle=\"max-height: 480px;\"\/>\n\t\t<\/a>\n\n\t\t\n\t\t<a href=\"https:\/\/www.orhideje-bk.eu\/wp-content\/gallery\/c_rubra\/C_rubra_DSC_2468.jpg?t=1609155178\"\n\t\t\ttitle=\"\"\n\t\t\tdata-src=\"https:\/\/www.orhideje-bk.eu\/wp-content\/gallery\/c_rubra\/C_rubra_DSC_2468.jpg?t=1609155178\"\n\t\t\tdata-thumbnail=\"https:\/\/www.orhideje-bk.eu\/wp-content\/gallery\/c_rubra\/thumbs\/thumbs_C_rubra_DSC_2468.jpg?t=1609155178\"\n\t\t\tdata-image-id=\"1242\"\n\t\t\tdata-image-name=\"C_rubra_DSC_2468.jpg\"\n\t\t\tdata-title=\"C_rubra\"\n\t\t\tdata-description=\"\"\n\t\t\t\t\t\t\t\t\t\t\t\t\t\t\tclass=\"ngg-simplelightbox\" rel=\"dfdafaec7b2aa38c93fd14e076180d6d\">\n\t\t\t\n\t\t\t<img data-image-id='1242'\n\t\t\t\ttitle=\"\"\n\t\t\t\talt=\"C_rubra\"\n\t\t\t\tsrc=\"https:\/\/www.orhideje-bk.eu\/wp-content\/gallery\/c_rubra\/C_rubra_DSC_2468.jpg?t=1609155178\"\n\t\t\t\tstyle=\"max-height: 480px;\"\/>\n\t\t<\/a>\n\n\t\t\n\t\t<a href=\"https:\/\/www.orhideje-bk.eu\/wp-content\/gallery\/c_rubra\/C_rubra_DSC_2477.jpg?t=1609155188\"\n\t\t\ttitle=\"\"\n\t\t\tdata-src=\"https:\/\/www.orhideje-bk.eu\/wp-content\/gallery\/c_rubra\/C_rubra_DSC_2477.jpg?t=1609155188\"\n\t\t\tdata-thumbnail=\"https:\/\/www.orhideje-bk.eu\/wp-content\/gallery\/c_rubra\/thumbs\/thumbs_C_rubra_DSC_2477.jpg?t=1609155188\"\n\t\t\tdata-image-id=\"1243\"\n\t\t\tdata-image-name=\"C_rubra_DSC_2477.jpg\"\n\t\t\tdata-title=\"C_rubra\"\n\t\t\tdata-description=\"\"\n\t\t\t\t\t\t\t\t\t\t\t\t\t\t\tclass=\"ngg-simplelightbox\" rel=\"dfdafaec7b2aa38c93fd14e076180d6d\">\n\t\t\t\n\t\t\t<img data-image-id='1243'\n\t\t\t\ttitle=\"\"\n\t\t\t\talt=\"C_rubra\"\n\t\t\t\tsrc=\"https:\/\/www.orhideje-bk.eu\/wp-content\/gallery\/c_rubra\/C_rubra_DSC_2477.jpg?t=1609155188\"\n\t\t\t\tstyle=\"max-height: 480px;\"\/>\n\t\t<\/a>\n\n\t\t\n\t\t<a href=\"https:\/\/www.orhideje-bk.eu\/wp-content\/gallery\/c_rubra\/C_rubra_DSC_2482.jpg?t=1609155201\"\n\t\t\ttitle=\"\"\n\t\t\tdata-src=\"https:\/\/www.orhideje-bk.eu\/wp-content\/gallery\/c_rubra\/C_rubra_DSC_2482.jpg?t=1609155201\"\n\t\t\tdata-thumbnail=\"https:\/\/www.orhideje-bk.eu\/wp-content\/gallery\/c_rubra\/thumbs\/thumbs_C_rubra_DSC_2482.jpg?t=1609155201\"\n\t\t\tdata-image-id=\"1244\"\n\t\t\tdata-image-name=\"C_rubra_DSC_2482.jpg\"\n\t\t\tdata-title=\"C_rubra\"\n\t\t\tdata-description=\"\"\n\t\t\t\t\t\t\t\t\t\t\t\t\t\t\tclass=\"ngg-simplelightbox\" rel=\"dfdafaec7b2aa38c93fd14e076180d6d\">\n\t\t\t\n\t\t\t<img data-image-id='1244'\n\t\t\t\ttitle=\"\"\n\t\t\t\talt=\"C_rubra\"\n\t\t\t\tsrc=\"https:\/\/www.orhideje-bk.eu\/wp-content\/gallery\/c_rubra\/C_rubra_DSC_2482.jpg?t=1609155201\"\n\t\t\t\tstyle=\"max-height: 480px;\"\/>\n\t\t<\/a>\n\n\t\t\n\t\t<a href=\"https:\/\/www.orhideje-bk.eu\/wp-content\/gallery\/c_rubra\/C_rubra_DSC_2495.jpg?t=1609155208\"\n\t\t\ttitle=\"\"\n\t\t\tdata-src=\"https:\/\/www.orhideje-bk.eu\/wp-content\/gallery\/c_rubra\/C_rubra_DSC_2495.jpg?t=1609155208\"\n\t\t\tdata-thumbnail=\"https:\/\/www.orhideje-bk.eu\/wp-content\/gallery\/c_rubra\/thumbs\/thumbs_C_rubra_DSC_2495.jpg?t=1609155208\"\n\t\t\tdata-image-id=\"1245\"\n\t\t\tdata-image-name=\"C_rubra_DSC_2495.jpg\"\n\t\t\tdata-title=\"C_rubra\"\n\t\t\tdata-description=\"\"\n\t\t\t\t\t\t\t\t\t\t\t\t\t\t\tclass=\"ngg-simplelightbox\" rel=\"dfdafaec7b2aa38c93fd14e076180d6d\">\n\t\t\t\n\t\t\t<img data-image-id='1245'\n\t\t\t\ttitle=\"\"\n\t\t\t\talt=\"C_rubra\"\n\t\t\t\tsrc=\"https:\/\/www.orhideje-bk.eu\/wp-content\/gallery\/c_rubra\/C_rubra_DSC_2495.jpg?t=1609155208\"\n\t\t\t\tstyle=\"max-height: 480px;\"\/>\n\t\t<\/a>\n\n\t\t\n\t\t<a href=\"https:\/\/www.orhideje-bk.eu\/wp-content\/gallery\/c_rubra\/C_rubra_DSC_2510.jpg?t=1609155215\"\n\t\t\ttitle=\"\"\n\t\t\tdata-src=\"https:\/\/www.orhideje-bk.eu\/wp-content\/gallery\/c_rubra\/C_rubra_DSC_2510.jpg?t=1609155215\"\n\t\t\tdata-thumbnail=\"https:\/\/www.orhideje-bk.eu\/wp-content\/gallery\/c_rubra\/thumbs\/thumbs_C_rubra_DSC_2510.jpg?t=1609155215\"\n\t\t\tdata-image-id=\"1246\"\n\t\t\tdata-image-name=\"C_rubra_DSC_2510.jpg\"\n\t\t\tdata-title=\"C_rubra\"\n\t\t\tdata-description=\"\"\n\t\t\t\t\t\t\t\t\t\t\t\t\t\t\tclass=\"ngg-simplelightbox\" rel=\"dfdafaec7b2aa38c93fd14e076180d6d\">\n\t\t\t\n\t\t\t<img data-image-id='1246'\n\t\t\t\ttitle=\"\"\n\t\t\t\talt=\"C_rubra\"\n\t\t\t\tsrc=\"https:\/\/www.orhideje-bk.eu\/wp-content\/gallery\/c_rubra\/C_rubra_DSC_2510.jpg?t=1609155215\"\n\t\t\t\tstyle=\"max-height: 480px;\"\/>\n\t\t<\/a>\n\n\t\t\n\t\t<a href=\"https:\/\/www.orhideje-bk.eu\/wp-content\/gallery\/c_rubra\/C_rubra__DSC3122.jpg?t=1609155070\"\n\t\t\ttitle=\"\"\n\t\t\tdata-src=\"https:\/\/www.orhideje-bk.eu\/wp-content\/gallery\/c_rubra\/C_rubra__DSC3122.jpg?t=1609155070\"\n\t\t\tdata-thumbnail=\"https:\/\/www.orhideje-bk.eu\/wp-content\/gallery\/c_rubra\/thumbs\/thumbs_C_rubra__DSC3122.jpg?t=1609155070\"\n\t\t\tdata-image-id=\"1231\"\n\t\t\tdata-image-name=\"C_rubra__DSC3122.jpg\"\n\t\t\tdata-title=\"C_rubra\"\n\t\t\tdata-description=\"\"\n\t\t\t\t\t\t\t\t\t\t\t\t\t\t\tclass=\"ngg-simplelightbox\" rel=\"dfdafaec7b2aa38c93fd14e076180d6d\">\n\t\t\t\n\t\t\t<img data-image-id='1231'\n\t\t\t\ttitle=\"\"\n\t\t\t\talt=\"C_rubra\"\n\t\t\t\tsrc=\"https:\/\/www.orhideje-bk.eu\/wp-content\/gallery\/c_rubra\/C_rubra__DSC3122.jpg?t=1609155070\"\n\t\t\t\tstyle=\"max-height: 480px;\"\/>\n\t\t<\/a>\n\n\t\t\n\t\t<a href=\"https:\/\/www.orhideje-bk.eu\/wp-content\/gallery\/c_rubra\/C_rubra__DSC5638.jpg?t=1609155095\"\n\t\t\ttitle=\"\"\n\t\t\tdata-src=\"https:\/\/www.orhideje-bk.eu\/wp-content\/gallery\/c_rubra\/C_rubra__DSC5638.jpg?t=1609155095\"\n\t\t\tdata-thumbnail=\"https:\/\/www.orhideje-bk.eu\/wp-content\/gallery\/c_rubra\/thumbs\/thumbs_C_rubra__DSC5638.jpg?t=1609155095\"\n\t\t\tdata-image-id=\"1232\"\n\t\t\tdata-image-name=\"C_rubra__DSC5638.jpg\"\n\t\t\tdata-title=\"C_rubra\"\n\t\t\tdata-description=\"\"\n\t\t\t\t\t\t\t\t\t\t\t\t\t\t\tclass=\"ngg-simplelightbox\" rel=\"dfdafaec7b2aa38c93fd14e076180d6d\">\n\t\t\t\n\t\t\t<img data-image-id='1232'\n\t\t\t\ttitle=\"\"\n\t\t\t\talt=\"C_rubra\"\n\t\t\t\tsrc=\"https:\/\/www.orhideje-bk.eu\/wp-content\/gallery\/c_rubra\/C_rubra__DSC5638.jpg?t=1609155095\"\n\t\t\t\tstyle=\"max-height: 480px;\"\/>\n\t\t<\/a>\n\n\t\t\n\t\t<a href=\"https:\/\/www.orhideje-bk.eu\/wp-content\/gallery\/c_rubra\/C_rubra__DSC8350.jpg?t=1609155107\"\n\t\t\ttitle=\"\"\n\t\t\tdata-src=\"https:\/\/www.orhideje-bk.eu\/wp-content\/gallery\/c_rubra\/C_rubra__DSC8350.jpg?t=1609155107\"\n\t\t\tdata-thumbnail=\"https:\/\/www.orhideje-bk.eu\/wp-content\/gallery\/c_rubra\/thumbs\/thumbs_C_rubra__DSC8350.jpg?t=1609155107\"\n\t\t\tdata-image-id=\"1233\"\n\t\t\tdata-image-name=\"C_rubra__DSC8350.jpg\"\n\t\t\tdata-title=\"C_rubra\"\n\t\t\tdata-description=\"\"\n\t\t\t\t\t\t\t\t\t\t\t\t\t\t\tclass=\"ngg-simplelightbox\" rel=\"dfdafaec7b2aa38c93fd14e076180d6d\">\n\t\t\t\n\t\t\t<img data-image-id='1233'\n\t\t\t\ttitle=\"\"\n\t\t\t\talt=\"C_rubra\"\n\t\t\t\tsrc=\"https:\/\/www.orhideje-bk.eu\/wp-content\/gallery\/c_rubra\/C_rubra__DSC8350.jpg?t=1609155107\"\n\t\t\t\tstyle=\"max-height: 480px;\"\/>\n\t\t<\/a>\n\n\t\t\n\t\t<a href=\"https:\/\/www.orhideje-bk.eu\/wp-content\/gallery\/c_rubra\/C_rubra__DSC8360.jpg?t=1609155111\"\n\t\t\ttitle=\"\"\n\t\t\tdata-src=\"https:\/\/www.orhideje-bk.eu\/wp-content\/gallery\/c_rubra\/C_rubra__DSC8360.jpg?t=1609155111\"\n\t\t\tdata-thumbnail=\"https:\/\/www.orhideje-bk.eu\/wp-content\/gallery\/c_rubra\/thumbs\/thumbs_C_rubra__DSC8360.jpg?t=1609155111\"\n\t\t\tdata-image-id=\"1234\"\n\t\t\tdata-image-name=\"C_rubra__DSC8360.jpg\"\n\t\t\tdata-title=\"C_rubra\"\n\t\t\tdata-description=\"\"\n\t\t\t\t\t\t\t\t\t\t\t\t\t\t\tclass=\"ngg-simplelightbox\" rel=\"dfdafaec7b2aa38c93fd14e076180d6d\">\n\t\t\t\n\t\t\t<img data-image-id='1234'\n\t\t\t\ttitle=\"\"\n\t\t\t\talt=\"C_rubra\"\n\t\t\t\tsrc=\"https:\/\/www.orhideje-bk.eu\/wp-content\/gallery\/c_rubra\/C_rubra__DSC8360.jpg?t=1609155111\"\n\t\t\t\tstyle=\"max-height: 480px;\"\/>\n\t\t<\/a>\n\n\t\t\n\t\t<a href=\"https:\/\/www.orhideje-bk.eu\/wp-content\/gallery\/c_rubra\/C_rubra__DSC8597.jpg?t=1609155119\"\n\t\t\ttitle=\"\"\n\t\t\tdata-src=\"https:\/\/www.orhideje-bk.eu\/wp-content\/gallery\/c_rubra\/C_rubra__DSC8597.jpg?t=1609155119\"\n\t\t\tdata-thumbnail=\"https:\/\/www.orhideje-bk.eu\/wp-content\/gallery\/c_rubra\/thumbs\/thumbs_C_rubra__DSC8597.jpg?t=1609155119\"\n\t\t\tdata-image-id=\"1235\"\n\t\t\tdata-image-name=\"C_rubra__DSC8597.jpg\"\n\t\t\tdata-title=\"C_rubra\"\n\t\t\tdata-description=\"\"\n\t\t\t\t\t\t\t\t\t\t\t\t\t\t\tclass=\"ngg-simplelightbox\" rel=\"dfdafaec7b2aa38c93fd14e076180d6d\">\n\t\t\t\n\t\t\t<img data-image-id='1235'\n\t\t\t\ttitle=\"\"\n\t\t\t\talt=\"C_rubra\"\n\t\t\t\tsrc=\"https:\/\/www.orhideje-bk.eu\/wp-content\/gallery\/c_rubra\/C_rubra__DSC8597.jpg?t=1609155119\"\n\t\t\t\tstyle=\"max-height: 480px;\"\/>\n\t\t<\/a>\n\n\t\t<\/div>\n\n\n<\/div>\n<\/div><\/div><\/div><\/div>","protected":false},"excerpt":{"rendered":"<p>cephal: glava; anthera: pra\u0161nik (nana\u0161a se na okroglasto obliko pra\u0161nika) rubra: rde\u010da maj, junij Izmed vseh treh vrst rodu je rde\u010da naglavka v Beli krajini najbolj redka. Omeniti velja \u0161tevil\u010dno populacijo v okolici Mo\u010dil, kjer je zelo raz\u0161irjena v podrasti in kjer uspevajo tudi nekaj albino osebkov. Uspeva na gozdnih robovih (najpogosteje bukovi gozdni) na [&hellip;]<\/p>\n","protected":false},"author":1,"featured_media":0,"parent":0,"menu_order":0,"comment_status":"closed","ping_status":"closed","template":"","meta":{"_acf_changed":false,"ngg_post_thumbnail":0,"footnotes":""},"class_list":["post-306","page","type-page","status-publish","hentry"],"acf":[],"_links":{"self":[{"href":"https:\/\/www.orhideje-bk.eu\/index.php?rest_route=\/wp\/v2\/pages\/306","targetHints":{"allow":["GET"]}}],"collection":[{"href":"https:\/\/www.orhideje-bk.eu\/index.php?rest_route=\/wp\/v2\/pages"}],"about":[{"href":"https:\/\/www.orhideje-bk.eu\/index.php?rest_route=\/wp\/v2\/types\/page"}],"author":[{"embeddable":true,"href":"https:\/\/www.orhideje-bk.eu\/index.php?rest_route=\/wp\/v2\/users\/1"}],"replies":[{"embeddable":true,"href":"https:\/\/www.orhideje-bk.eu\/index.php?rest_route=%2Fwp%2Fv2%2Fcomments&post=306"}],"version-history":[{"count":2,"href":"https:\/\/www.orhideje-bk.eu\/index.php?rest_route=\/wp\/v2\/pages\/306\/revisions"}],"predecessor-version":[{"id":6469,"href":"https:\/\/www.orhideje-bk.eu\/index.php?rest_route=\/wp\/v2\/pages\/306\/revisions\/6469"}],"wp:attachment":[{"href":"https:\/\/www.orhideje-bk.eu\/index.php?rest_route=%2Fwp%2Fv2%2Fmedia&parent=306"}],"curies":[{"name":"wp","href":"https:\/\/api.w.org\/{rel}","templated":true}]}}