{"id":3744,"date":"2019-12-27T12:26:19","date_gmt":"2019-12-27T12:26:19","guid":{"rendered":"http:\/\/www.orhideje-bk.eu\/?page_id=3744"},"modified":"2019-12-27T14:03:19","modified_gmt":"2019-12-27T14:03:19","slug":"orhideje-na-vezeninah","status":"publish","type":"page","link":"https:\/\/www.orhideje-bk.eu\/?page_id=3744","title":{"rendered":"Orhideje na vezeninah"},"content":{"rendered":"<p>Leta popularizacije divje rasto\u010dih orhidej v Beli krajini so privedla do zelo zanimivega projekta. Iz Starega trga je pri\u0161la pobuda, da bi motive orhidej vezli na tkanine. Na Zavodu za izobra\u017eevanje \u010crnomelj so organizirali <a href=\"https:\/\/www.zik-crnomelj.eu\/en\/izobrazevalni-programi\/studijski-krozki\/sk-orhideje-in-vezenine\/\" target=\"_blank\">\u0160tudijski kro\u017eek orhideje in vezenine<\/a>, kjer so se \u010dlanice iz Starega trga in okolice (\u010crnomelj) za\u010dele izdelovati orhideje. Sprva so izpopolnjevale tehnike vezenja, kasneje so me prosile za botani\u010dno vodenje. Rezultati nekajletnega dela so \u010dudovite vezenine, ki orhideje prikazujejo od popolnoma realisti\u010dnih, do umetni\u0161kih upodobitev. Vsem pa je skupno to, da je bilo vlo\u017eenih ogromno ur dela in tudi prijetnega dru\u017eenja.&nbsp;<\/p>\n<p>Za leto 2020 smo s skupnimi mo\u010dmi z <a href=\"https:\/\/www.kp-kolpa.si\/\" target=\"_blank\">KP Kolpa<\/a> izdali <a href=\"https:\/\/www.zik-crnomelj.eu\/en\/novice\/koledar-divje-rastoce-orhideje\/\" target=\"_blank\">koledar divje rasto\u010dih orhidej in vezenin<\/a>.<\/p>\nngg_shortcode_0_placeholder\n","protected":false},"excerpt":{"rendered":"<p>Leta popularizacije divje rasto\u010dih orhidej v Beli krajini so privedla do zelo zanimivega projekta. Iz Starega trga je pri\u0161la pobuda, da bi motive orhidej vezli na tkanine. Na Zavodu za izobra\u017eevanje \u010crnomelj so organizirali \u0160tudijski kro\u017eek orhideje in vezenine, kjer so se \u010dlanice iz Starega trga in okolice (\u010crnomelj) za\u010dele izdelovati orhideje. Sprva so izpopolnjevale [&hellip;]<\/p>\n","protected":false},"author":1,"featured_media":0,"parent":0,"menu_order":0,"comment_status":"closed","ping_status":"closed","template":"","meta":{"_acf_changed":false,"ngg_post_thumbnail":0,"footnotes":""},"class_list":["post-3744","page","type-page","status-publish","hentry"],"acf":[],"_links":{"self":[{"href":"https:\/\/www.orhideje-bk.eu\/index.php?rest_route=\/wp\/v2\/pages\/3744","targetHints":{"allow":["GET"]}}],"collection":[{"href":"https:\/\/www.orhideje-bk.eu\/index.php?rest_route=\/wp\/v2\/pages"}],"about":[{"href":"https:\/\/www.orhideje-bk.eu\/index.php?rest_route=\/wp\/v2\/types\/page"}],"author":[{"embeddable":true,"href":"https:\/\/www.orhideje-bk.eu\/index.php?rest_route=\/wp\/v2\/users\/1"}],"replies":[{"embeddable":true,"href":"https:\/\/www.orhideje-bk.eu\/index.php?rest_route=%2Fwp%2Fv2%2Fcomments&post=3744"}],"version-history":[{"count":0,"href":"https:\/\/www.orhideje-bk.eu\/index.php?rest_route=\/wp\/v2\/pages\/3744\/revisions"}],"wp:attachment":[{"href":"https:\/\/www.orhideje-bk.eu\/index.php?rest_route=%2Fwp%2Fv2%2Fmedia&parent=3744"}],"curies":[{"name":"wp","href":"https:\/\/api.w.org\/{rel}","templated":true}]}}