{"id":513,"date":"2015-01-05T10:06:36","date_gmt":"2015-01-05T10:06:36","guid":{"rendered":"http:\/\/www.orhideje-bk.eu\/?page_id=513"},"modified":"2026-01-18T17:37:39","modified_gmt":"2026-01-18T17:37:39","slug":"greuterjeva-mocvirnica","status":"publish","type":"page","link":"https:\/\/www.orhideje-bk.eu\/?page_id=513","title":{"rendered":"greuterjeva mo\u010dvirnica"},"content":{"rendered":"<div id=\"pl-513\"  class=\"panel-layout\" ><div id=\"pg-513-0\"  class=\"panel-grid panel-no-style\" ><div id=\"pgc-513-0-0\"  class=\"panel-grid-cell\" ><div id=\"panel-513-0-0-0\" class=\"so-panel widget widget_text panel-first-child panel-last-child\" data-index=\"0\" ><h3 class=\"widget-title\">Epipactis greuteri<\/h3>\t\t\t<div class=\"textwidget\"><\/div>\n\t\t<\/div><\/div><\/div><div id=\"pg-513-1\"  class=\"panel-grid panel-no-style\" ><div id=\"pgc-513-1-0\"  class=\"panel-grid-cell\" ><div id=\"panel-513-1-0-0\" class=\"so-panel widget widget_sow-image panel-first-child\" data-index=\"1\" ><div\n\t\t\t\n\t\t\tclass=\"so-widget-sow-image so-widget-sow-image-default-8b5b6f678277-513\"\n\t\t\t\n\t\t>\n<div class=\"sow-image-container\">\n\t\t<img \n\tsrc=\"https:\/\/www.orhideje-bk.eu\/wp-content\/uploads\/2015\/01\/E_greuteri_levo__DSC5856.jpg\" width=\"266\" height=\"400\" srcset=\"https:\/\/www.orhideje-bk.eu\/wp-content\/uploads\/2015\/01\/E_greuteri_levo__DSC5856.jpg 266w, https:\/\/www.orhideje-bk.eu\/wp-content\/uploads\/2015\/01\/E_greuteri_levo__DSC5856-200x300.jpg 200w, https:\/\/www.orhideje-bk.eu\/wp-content\/uploads\/2015\/01\/E_greuteri_levo__DSC5856-100x150.jpg 100w\" sizes=\"(max-width: 266px) 100vw, 266px\" alt=\"\" \t\tclass=\"so-widget-image\"\/>\n\t<\/div>\n\n<\/div><\/div><div id=\"panel-513-1-0-1\" class=\"so-panel widget widget_sow-image panel-last-child\" data-index=\"2\" ><div\n\t\t\t\n\t\t\tclass=\"so-widget-sow-image so-widget-sow-image-default-8b5b6f678277-513\"\n\t\t\t\n\t\t>\n<div class=\"sow-image-container\">\n\t\t<img \n\tsrc=\"https:\/\/www.orhideje-bk.eu\/wp-content\/uploads\/2026\/01\/DSC5957.jpg\" width=\"512\" height=\"451\" srcset=\"https:\/\/www.orhideje-bk.eu\/wp-content\/uploads\/2026\/01\/DSC5957.jpg 512w, https:\/\/www.orhideje-bk.eu\/wp-content\/uploads\/2026\/01\/DSC5957-300x264.jpg 300w, https:\/\/www.orhideje-bk.eu\/wp-content\/uploads\/2026\/01\/DSC5957-1x1.jpg 1w\" sizes=\"(max-width: 512px) 100vw, 512px\" title=\"_DSC5957\" alt=\"\" \t\tclass=\"so-widget-image\"\/>\n\t<\/div>\n\n<\/div><\/div><\/div><div id=\"pgc-513-1-1\"  class=\"panel-grid-cell\" ><div id=\"panel-513-1-1-0\" class=\"so-panel widget widget_text panel-first-child\" data-index=\"3\" ><div class=\"panel-widget-style panel-widget-style-for-513-1-1-0\" ><h3 class=\"widget-title\">Izvor imena:<\/h3>\t\t\t<div class=\"textwidget\"><p>Epipactis: Starogr\u0161ko ime epipaktis, ki ga je uporabil Teofrast za rastline, ki so imele lastnost, da sesirijo mleko.<\/p>\n<p>greuteri: Poimenovana v \u010dast Wernerju Greuterju, uglednemu \u0161vicarskemu botaniku.<\/p>\n<\/div>\n\t\t<\/div><\/div><div id=\"panel-513-1-1-1\" class=\"so-panel widget widget_text\" data-index=\"4\" ><h3 class=\"widget-title\">\u010cas cvetenja:<\/h3>\t\t\t<div class=\"textwidget\"><p>julij, avgust<\/p>\n<\/div>\n\t\t<\/div><div id=\"panel-513-1-1-2\" class=\"so-panel widget widget_text panel-last-child\" data-index=\"5\" ><h3 class=\"widget-title\">Zanimivosti:<\/h3>\t\t\t<div class=\"textwidget\"><p>Je zelo redka in lokalna vrsta, ki raste v gorskih bukovo jelovih gozdovih v okolici Mirne gore.<\/p>\n<p>Lahko jo zamenjamo s \u0161irokolistno mo\u010dvirnico (Epipactis helleborine), ki pa ima podolgovatosuli\u010daste liste in je navadno bolj bujna rastlina.<\/p>\n<\/div>\n\t\t<\/div><\/div><div id=\"pgc-513-1-2\"  class=\"panel-grid-cell\" ><div id=\"panel-513-1-2-0\" class=\"so-panel widget widget_simpleimage panel-first-child panel-last-child\" data-index=\"6\" >\n<h3 class=\"widget-title\">Nahajali\u0161\u010da:<\/h3>\n\t<p class=\"simple-image\">\n\t\t<img loading=\"lazy\" decoding=\"async\" width=\"778\" height=\"868\" src=\"https:\/\/www.orhideje-bk.eu\/wp-content\/uploads\/2026\/01\/Epipactis-greuteri.png\" class=\"attachment-full size-full\" alt=\"\" srcset=\"https:\/\/www.orhideje-bk.eu\/wp-content\/uploads\/2026\/01\/Epipactis-greuteri.png 778w, https:\/\/www.orhideje-bk.eu\/wp-content\/uploads\/2026\/01\/Epipactis-greuteri-269x300.png 269w, https:\/\/www.orhideje-bk.eu\/wp-content\/uploads\/2026\/01\/Epipactis-greuteri-768x857.png 768w, https:\/\/www.orhideje-bk.eu\/wp-content\/uploads\/2026\/01\/Epipactis-greuteri-1x1.png 1w\" sizes=\"auto, (max-width: 778px) 100vw, 778px\" \/>\t<\/p>\n\n\n<\/div><\/div><\/div><div id=\"pg-513-2\"  class=\"panel-grid panel-no-style\" ><div id=\"pgc-513-2-0\"  class=\"panel-grid-cell\" ><div id=\"panel-513-2-0-0\" class=\"so-panel widget widget_slideshow panel-first-child panel-last-child\" data-index=\"7\"><h3 class=\"widget-title\">Slideshow<\/h3><div class=\"ngg_slideshow widget\">\n\t\n<div class=\"ngg-galleryoverview ngg-slideshow\"\n\tid=\"ngg-slideshow-562b92f3c4126d1ff8500890dfa632f4-3946288870\"\n\tdata-nextgen-gallery-id=\"16\"\n\tdata-gallery-id=\"562b92f3c4126d1ff8500890dfa632f4\"\n\t\tdata-gallery-name=\"e_greuteri\"\n\t\tstyle=\"max-width: 400px;\n\t\t\tmax-height: 400px;\n\t\t\tdisplay: none;\">\n\n\t\n\t\t<a href=\"https:\/\/www.orhideje-bk.eu\/wp-content\/gallery\/e_greuteri\/E_greuteri_DSC_3439.jpg?t=1609165063\"\n\t\t\ttitle=\"\"\n\t\t\tdata-src=\"https:\/\/www.orhideje-bk.eu\/wp-content\/gallery\/e_greuteri\/E_greuteri_DSC_3439.jpg?t=1609165063\"\n\t\t\tdata-thumbnail=\"https:\/\/www.orhideje-bk.eu\/wp-content\/gallery\/e_greuteri\/thumbs\/thumbs_E_greuteri_DSC_3439.jpg?t=1609165063\"\n\t\t\tdata-image-id=\"1349\"\n\t\t\tdata-image-name=\"E_greuteri_DSC_3439.jpg\"\n\t\t\tdata-title=\"E_greuteri\"\n\t\t\tdata-description=\"\"\n\t\t\t\t\t\t\t\t\t\t\t\t\t\t\tclass=\"ngg-simplelightbox\" rel=\"562b92f3c4126d1ff8500890dfa632f4\">\n\t\t\t\n\t\t\t<img data-image-id='1349'\n\t\t\t\ttitle=\"\"\n\t\t\t\talt=\"E_greuteri\"\n\t\t\t\tsrc=\"https:\/\/www.orhideje-bk.eu\/wp-content\/gallery\/e_greuteri\/E_greuteri_DSC_3439.jpg?t=1609165063\"\n\t\t\t\tstyle=\"max-height: 380px;\"\/>\n\t\t<\/a>\n\n\t\t\n\t\t<a href=\"https:\/\/www.orhideje-bk.eu\/wp-content\/gallery\/e_greuteri\/E_greuteri_DSC_3441.jpg?t=1609165072\"\n\t\t\ttitle=\"\"\n\t\t\tdata-src=\"https:\/\/www.orhideje-bk.eu\/wp-content\/gallery\/e_greuteri\/E_greuteri_DSC_3441.jpg?t=1609165072\"\n\t\t\tdata-thumbnail=\"https:\/\/www.orhideje-bk.eu\/wp-content\/gallery\/e_greuteri\/thumbs\/thumbs_E_greuteri_DSC_3441.jpg?t=1609165072\"\n\t\t\tdata-image-id=\"1350\"\n\t\t\tdata-image-name=\"E_greuteri_DSC_3441.jpg\"\n\t\t\tdata-title=\"E_greuteri\"\n\t\t\tdata-description=\"\"\n\t\t\t\t\t\t\t\t\t\t\t\t\t\t\tclass=\"ngg-simplelightbox\" rel=\"562b92f3c4126d1ff8500890dfa632f4\">\n\t\t\t\n\t\t\t<img data-image-id='1350'\n\t\t\t\ttitle=\"\"\n\t\t\t\talt=\"E_greuteri\"\n\t\t\t\tsrc=\"https:\/\/www.orhideje-bk.eu\/wp-content\/gallery\/e_greuteri\/E_greuteri_DSC_3441.jpg?t=1609165072\"\n\t\t\t\tstyle=\"max-height: 380px;\"\/>\n\t\t<\/a>\n\n\t\t\n\t\t<a href=\"https:\/\/www.orhideje-bk.eu\/wp-content\/gallery\/e_greuteri\/E_greuteri_DSC_3442.jpg?t=1609165078\"\n\t\t\ttitle=\"\"\n\t\t\tdata-src=\"https:\/\/www.orhideje-bk.eu\/wp-content\/gallery\/e_greuteri\/E_greuteri_DSC_3442.jpg?t=1609165078\"\n\t\t\tdata-thumbnail=\"https:\/\/www.orhideje-bk.eu\/wp-content\/gallery\/e_greuteri\/thumbs\/thumbs_E_greuteri_DSC_3442.jpg?t=1609165078\"\n\t\t\tdata-image-id=\"1351\"\n\t\t\tdata-image-name=\"E_greuteri_DSC_3442.jpg\"\n\t\t\tdata-title=\"E_greuteri\"\n\t\t\tdata-description=\"\"\n\t\t\t\t\t\t\t\t\t\t\t\t\t\t\tclass=\"ngg-simplelightbox\" rel=\"562b92f3c4126d1ff8500890dfa632f4\">\n\t\t\t\n\t\t\t<img data-image-id='1351'\n\t\t\t\ttitle=\"\"\n\t\t\t\talt=\"E_greuteri\"\n\t\t\t\tsrc=\"https:\/\/www.orhideje-bk.eu\/wp-content\/gallery\/e_greuteri\/E_greuteri_DSC_3442.jpg?t=1609165078\"\n\t\t\t\tstyle=\"max-height: 380px;\"\/>\n\t\t<\/a>\n\n\t\t\n\t\t<a href=\"https:\/\/www.orhideje-bk.eu\/wp-content\/gallery\/e_greuteri\/E_greuteri_DSC_3444.jpg?t=1609165086\"\n\t\t\ttitle=\"\"\n\t\t\tdata-src=\"https:\/\/www.orhideje-bk.eu\/wp-content\/gallery\/e_greuteri\/E_greuteri_DSC_3444.jpg?t=1609165086\"\n\t\t\tdata-thumbnail=\"https:\/\/www.orhideje-bk.eu\/wp-content\/gallery\/e_greuteri\/thumbs\/thumbs_E_greuteri_DSC_3444.jpg?t=1609165086\"\n\t\t\tdata-image-id=\"1352\"\n\t\t\tdata-image-name=\"E_greuteri_DSC_3444.jpg\"\n\t\t\tdata-title=\"E_greuteri\"\n\t\t\tdata-description=\"\"\n\t\t\t\t\t\t\t\t\t\t\t\t\t\t\tclass=\"ngg-simplelightbox\" rel=\"562b92f3c4126d1ff8500890dfa632f4\">\n\t\t\t\n\t\t\t<img data-image-id='1352'\n\t\t\t\ttitle=\"\"\n\t\t\t\talt=\"E_greuteri\"\n\t\t\t\tsrc=\"https:\/\/www.orhideje-bk.eu\/wp-content\/gallery\/e_greuteri\/E_greuteri_DSC_3444.jpg?t=1609165086\"\n\t\t\t\tstyle=\"max-height: 380px;\"\/>\n\t\t<\/a>\n\n\t\t\n\t\t<a href=\"https:\/\/www.orhideje-bk.eu\/wp-content\/gallery\/e_greuteri\/E_greuteri_DSC_3445.jpg?t=1609165089\"\n\t\t\ttitle=\"\"\n\t\t\tdata-src=\"https:\/\/www.orhideje-bk.eu\/wp-content\/gallery\/e_greuteri\/E_greuteri_DSC_3445.jpg?t=1609165089\"\n\t\t\tdata-thumbnail=\"https:\/\/www.orhideje-bk.eu\/wp-content\/gallery\/e_greuteri\/thumbs\/thumbs_E_greuteri_DSC_3445.jpg?t=1609165089\"\n\t\t\tdata-image-id=\"1353\"\n\t\t\tdata-image-name=\"E_greuteri_DSC_3445.jpg\"\n\t\t\tdata-title=\"E_greuteri\"\n\t\t\tdata-description=\"\"\n\t\t\t\t\t\t\t\t\t\t\t\t\t\t\tclass=\"ngg-simplelightbox\" rel=\"562b92f3c4126d1ff8500890dfa632f4\">\n\t\t\t\n\t\t\t<img data-image-id='1353'\n\t\t\t\ttitle=\"\"\n\t\t\t\talt=\"E_greuteri\"\n\t\t\t\tsrc=\"https:\/\/www.orhideje-bk.eu\/wp-content\/gallery\/e_greuteri\/E_greuteri_DSC_3445.jpg?t=1609165089\"\n\t\t\t\tstyle=\"max-height: 380px;\"\/>\n\t\t<\/a>\n\n\t\t\n\t\t<a href=\"https:\/\/www.orhideje-bk.eu\/wp-content\/gallery\/e_greuteri\/E_greuteri_DSC_3452.jpg?t=1609165094\"\n\t\t\ttitle=\"\"\n\t\t\tdata-src=\"https:\/\/www.orhideje-bk.eu\/wp-content\/gallery\/e_greuteri\/E_greuteri_DSC_3452.jpg?t=1609165094\"\n\t\t\tdata-thumbnail=\"https:\/\/www.orhideje-bk.eu\/wp-content\/gallery\/e_greuteri\/thumbs\/thumbs_E_greuteri_DSC_3452.jpg?t=1609165094\"\n\t\t\tdata-image-id=\"1354\"\n\t\t\tdata-image-name=\"E_greuteri_DSC_3452.jpg\"\n\t\t\tdata-title=\"E_greuteri\"\n\t\t\tdata-description=\"\"\n\t\t\t\t\t\t\t\t\t\t\t\t\t\t\tclass=\"ngg-simplelightbox\" rel=\"562b92f3c4126d1ff8500890dfa632f4\">\n\t\t\t\n\t\t\t<img data-image-id='1354'\n\t\t\t\ttitle=\"\"\n\t\t\t\talt=\"E_greuteri\"\n\t\t\t\tsrc=\"https:\/\/www.orhideje-bk.eu\/wp-content\/gallery\/e_greuteri\/E_greuteri_DSC_3452.jpg?t=1609165094\"\n\t\t\t\tstyle=\"max-height: 380px;\"\/>\n\t\t<\/a>\n\n\t\t\n\t\t<a href=\"https:\/\/www.orhideje-bk.eu\/wp-content\/gallery\/e_greuteri\/E_greuteri_DSC_3453.jpg?t=1609165109\"\n\t\t\ttitle=\"\"\n\t\t\tdata-src=\"https:\/\/www.orhideje-bk.eu\/wp-content\/gallery\/e_greuteri\/E_greuteri_DSC_3453.jpg?t=1609165109\"\n\t\t\tdata-thumbnail=\"https:\/\/www.orhideje-bk.eu\/wp-content\/gallery\/e_greuteri\/thumbs\/thumbs_E_greuteri_DSC_3453.jpg?t=1609165109\"\n\t\t\tdata-image-id=\"1355\"\n\t\t\tdata-image-name=\"E_greuteri_DSC_3453.jpg\"\n\t\t\tdata-title=\"E_greuteri\"\n\t\t\tdata-description=\"\"\n\t\t\t\t\t\t\t\t\t\t\t\t\t\t\tclass=\"ngg-simplelightbox\" rel=\"562b92f3c4126d1ff8500890dfa632f4\">\n\t\t\t\n\t\t\t<img data-image-id='1355'\n\t\t\t\ttitle=\"\"\n\t\t\t\talt=\"E_greuteri\"\n\t\t\t\tsrc=\"https:\/\/www.orhideje-bk.eu\/wp-content\/gallery\/e_greuteri\/E_greuteri_DSC_3453.jpg?t=1609165109\"\n\t\t\t\tstyle=\"max-height: 380px;\"\/>\n\t\t<\/a>\n\n\t\t\n\t\t<a href=\"https:\/\/www.orhideje-bk.eu\/wp-content\/gallery\/e_greuteri\/E_greuteri_DSC_3454.jpg?t=1609165124\"\n\t\t\ttitle=\"\"\n\t\t\tdata-src=\"https:\/\/www.orhideje-bk.eu\/wp-content\/gallery\/e_greuteri\/E_greuteri_DSC_3454.jpg?t=1609165124\"\n\t\t\tdata-thumbnail=\"https:\/\/www.orhideje-bk.eu\/wp-content\/gallery\/e_greuteri\/thumbs\/thumbs_E_greuteri_DSC_3454.jpg?t=1609165124\"\n\t\t\tdata-image-id=\"1356\"\n\t\t\tdata-image-name=\"E_greuteri_DSC_3454.jpg\"\n\t\t\tdata-title=\"E_greuteri\"\n\t\t\tdata-description=\"\"\n\t\t\t\t\t\t\t\t\t\t\t\t\t\t\tclass=\"ngg-simplelightbox\" rel=\"562b92f3c4126d1ff8500890dfa632f4\">\n\t\t\t\n\t\t\t<img data-image-id='1356'\n\t\t\t\ttitle=\"\"\n\t\t\t\talt=\"E_greuteri\"\n\t\t\t\tsrc=\"https:\/\/www.orhideje-bk.eu\/wp-content\/gallery\/e_greuteri\/E_greuteri_DSC_3454.jpg?t=1609165124\"\n\t\t\t\tstyle=\"max-height: 380px;\"\/>\n\t\t<\/a>\n\n\t\t\n\t\t<a href=\"https:\/\/www.orhideje-bk.eu\/wp-content\/gallery\/e_greuteri\/E_greuteri_DSC_3457.jpg?t=1609165127\"\n\t\t\ttitle=\"\"\n\t\t\tdata-src=\"https:\/\/www.orhideje-bk.eu\/wp-content\/gallery\/e_greuteri\/E_greuteri_DSC_3457.jpg?t=1609165127\"\n\t\t\tdata-thumbnail=\"https:\/\/www.orhideje-bk.eu\/wp-content\/gallery\/e_greuteri\/thumbs\/thumbs_E_greuteri_DSC_3457.jpg?t=1609165127\"\n\t\t\tdata-image-id=\"1357\"\n\t\t\tdata-image-name=\"E_greuteri_DSC_3457.jpg\"\n\t\t\tdata-title=\"E_greuteri\"\n\t\t\tdata-description=\"\"\n\t\t\t\t\t\t\t\t\t\t\t\t\t\t\tclass=\"ngg-simplelightbox\" rel=\"562b92f3c4126d1ff8500890dfa632f4\">\n\t\t\t\n\t\t\t<img data-image-id='1357'\n\t\t\t\ttitle=\"\"\n\t\t\t\talt=\"E_greuteri\"\n\t\t\t\tsrc=\"https:\/\/www.orhideje-bk.eu\/wp-content\/gallery\/e_greuteri\/E_greuteri_DSC_3457.jpg?t=1609165127\"\n\t\t\t\tstyle=\"max-height: 380px;\"\/>\n\t\t<\/a>\n\n\t\t\n\t\t<a href=\"https:\/\/www.orhideje-bk.eu\/wp-content\/gallery\/e_greuteri\/E_greuteri_IMG_3877.jpg?t=1609165139\"\n\t\t\ttitle=\"binary comment\"\n\t\t\tdata-src=\"https:\/\/www.orhideje-bk.eu\/wp-content\/gallery\/e_greuteri\/E_greuteri_IMG_3877.jpg?t=1609165139\"\n\t\t\tdata-thumbnail=\"https:\/\/www.orhideje-bk.eu\/wp-content\/gallery\/e_greuteri\/thumbs\/thumbs_E_greuteri_IMG_3877.jpg?t=1609165139\"\n\t\t\tdata-image-id=\"1358\"\n\t\t\tdata-image-name=\"E_greuteri_IMG_3877.jpg\"\n\t\t\tdata-title=\"E_greuteri\"\n\t\t\tdata-description=\"binary comment\"\n\t\t\t\t\t\t\t\t\t\t\t\t\t\t\tclass=\"ngg-simplelightbox\" rel=\"562b92f3c4126d1ff8500890dfa632f4\">\n\t\t\t\n\t\t\t<img data-image-id='1358'\n\t\t\t\ttitle=\"binary comment\"\n\t\t\t\talt=\"E_greuteri\"\n\t\t\t\tsrc=\"https:\/\/www.orhideje-bk.eu\/wp-content\/gallery\/e_greuteri\/E_greuteri_IMG_3877.jpg?t=1609165139\"\n\t\t\t\tstyle=\"max-height: 380px;\"\/>\n\t\t<\/a>\n\n\t\t\n\t\t<a href=\"https:\/\/www.orhideje-bk.eu\/wp-content\/gallery\/e_greuteri\/E_greuteri__DSC5841.jpg?t=1609164997\"\n\t\t\ttitle=\"\"\n\t\t\tdata-src=\"https:\/\/www.orhideje-bk.eu\/wp-content\/gallery\/e_greuteri\/E_greuteri__DSC5841.jpg?t=1609164997\"\n\t\t\tdata-thumbnail=\"https:\/\/www.orhideje-bk.eu\/wp-content\/gallery\/e_greuteri\/thumbs\/thumbs_E_greuteri__DSC5841.jpg?t=1609164997\"\n\t\t\tdata-image-id=\"1343\"\n\t\t\tdata-image-name=\"E_greuteri__DSC5841.jpg\"\n\t\t\tdata-title=\"E_greuteri\"\n\t\t\tdata-description=\"\"\n\t\t\t\t\t\t\t\t\t\t\t\t\t\t\tclass=\"ngg-simplelightbox\" rel=\"562b92f3c4126d1ff8500890dfa632f4\">\n\t\t\t\n\t\t\t<img data-image-id='1343'\n\t\t\t\ttitle=\"\"\n\t\t\t\talt=\"E_greuteri\"\n\t\t\t\tsrc=\"https:\/\/www.orhideje-bk.eu\/wp-content\/gallery\/e_greuteri\/E_greuteri__DSC5841.jpg?t=1609164997\"\n\t\t\t\tstyle=\"max-height: 380px;\"\/>\n\t\t<\/a>\n\n\t\t\n\t\t<a href=\"https:\/\/www.orhideje-bk.eu\/wp-content\/gallery\/e_greuteri\/E_greuteri__DSC5847.jpg?t=1609165010\"\n\t\t\ttitle=\"\"\n\t\t\tdata-src=\"https:\/\/www.orhideje-bk.eu\/wp-content\/gallery\/e_greuteri\/E_greuteri__DSC5847.jpg?t=1609165010\"\n\t\t\tdata-thumbnail=\"https:\/\/www.orhideje-bk.eu\/wp-content\/gallery\/e_greuteri\/thumbs\/thumbs_E_greuteri__DSC5847.jpg?t=1609165010\"\n\t\t\tdata-image-id=\"1344\"\n\t\t\tdata-image-name=\"E_greuteri__DSC5847.jpg\"\n\t\t\tdata-title=\"E_greuteri\"\n\t\t\tdata-description=\"\"\n\t\t\t\t\t\t\t\t\t\t\t\t\t\t\tclass=\"ngg-simplelightbox\" rel=\"562b92f3c4126d1ff8500890dfa632f4\">\n\t\t\t\n\t\t\t<img data-image-id='1344'\n\t\t\t\ttitle=\"\"\n\t\t\t\talt=\"E_greuteri\"\n\t\t\t\tsrc=\"https:\/\/www.orhideje-bk.eu\/wp-content\/gallery\/e_greuteri\/E_greuteri__DSC5847.jpg?t=1609165010\"\n\t\t\t\tstyle=\"max-height: 380px;\"\/>\n\t\t<\/a>\n\n\t\t\n\t\t<a href=\"https:\/\/www.orhideje-bk.eu\/wp-content\/gallery\/e_greuteri\/E_greuteri__DSC5848.jpg?t=1609165024\"\n\t\t\ttitle=\"\"\n\t\t\tdata-src=\"https:\/\/www.orhideje-bk.eu\/wp-content\/gallery\/e_greuteri\/E_greuteri__DSC5848.jpg?t=1609165024\"\n\t\t\tdata-thumbnail=\"https:\/\/www.orhideje-bk.eu\/wp-content\/gallery\/e_greuteri\/thumbs\/thumbs_E_greuteri__DSC5848.jpg?t=1609165024\"\n\t\t\tdata-image-id=\"1345\"\n\t\t\tdata-image-name=\"E_greuteri__DSC5848.jpg\"\n\t\t\tdata-title=\"E_greuteri\"\n\t\t\tdata-description=\"\"\n\t\t\t\t\t\t\t\t\t\t\t\t\t\t\tclass=\"ngg-simplelightbox\" rel=\"562b92f3c4126d1ff8500890dfa632f4\">\n\t\t\t\n\t\t\t<img data-image-id='1345'\n\t\t\t\ttitle=\"\"\n\t\t\t\talt=\"E_greuteri\"\n\t\t\t\tsrc=\"https:\/\/www.orhideje-bk.eu\/wp-content\/gallery\/e_greuteri\/E_greuteri__DSC5848.jpg?t=1609165024\"\n\t\t\t\tstyle=\"max-height: 380px;\"\/>\n\t\t<\/a>\n\n\t\t\n\t\t<a href=\"https:\/\/www.orhideje-bk.eu\/wp-content\/gallery\/e_greuteri\/E_greuteri__DSC5853.jpg?t=1609165035\"\n\t\t\ttitle=\"\"\n\t\t\tdata-src=\"https:\/\/www.orhideje-bk.eu\/wp-content\/gallery\/e_greuteri\/E_greuteri__DSC5853.jpg?t=1609165035\"\n\t\t\tdata-thumbnail=\"https:\/\/www.orhideje-bk.eu\/wp-content\/gallery\/e_greuteri\/thumbs\/thumbs_E_greuteri__DSC5853.jpg?t=1609165035\"\n\t\t\tdata-image-id=\"1346\"\n\t\t\tdata-image-name=\"E_greuteri__DSC5853.jpg\"\n\t\t\tdata-title=\"E_greuteri\"\n\t\t\tdata-description=\"\"\n\t\t\t\t\t\t\t\t\t\t\t\t\t\t\tclass=\"ngg-simplelightbox\" rel=\"562b92f3c4126d1ff8500890dfa632f4\">\n\t\t\t\n\t\t\t<img data-image-id='1346'\n\t\t\t\ttitle=\"\"\n\t\t\t\talt=\"E_greuteri\"\n\t\t\t\tsrc=\"https:\/\/www.orhideje-bk.eu\/wp-content\/gallery\/e_greuteri\/E_greuteri__DSC5853.jpg?t=1609165035\"\n\t\t\t\tstyle=\"max-height: 380px;\"\/>\n\t\t<\/a>\n\n\t\t\n\t\t<a href=\"https:\/\/www.orhideje-bk.eu\/wp-content\/gallery\/e_greuteri\/E_greuteri__DSC5859.jpg?t=1609165045\"\n\t\t\ttitle=\"\"\n\t\t\tdata-src=\"https:\/\/www.orhideje-bk.eu\/wp-content\/gallery\/e_greuteri\/E_greuteri__DSC5859.jpg?t=1609165045\"\n\t\t\tdata-thumbnail=\"https:\/\/www.orhideje-bk.eu\/wp-content\/gallery\/e_greuteri\/thumbs\/thumbs_E_greuteri__DSC5859.jpg?t=1609165045\"\n\t\t\tdata-image-id=\"1347\"\n\t\t\tdata-image-name=\"E_greuteri__DSC5859.jpg\"\n\t\t\tdata-title=\"E_greuteri\"\n\t\t\tdata-description=\"\"\n\t\t\t\t\t\t\t\t\t\t\t\t\t\t\tclass=\"ngg-simplelightbox\" rel=\"562b92f3c4126d1ff8500890dfa632f4\">\n\t\t\t\n\t\t\t<img data-image-id='1347'\n\t\t\t\ttitle=\"\"\n\t\t\t\talt=\"E_greuteri\"\n\t\t\t\tsrc=\"https:\/\/www.orhideje-bk.eu\/wp-content\/gallery\/e_greuteri\/E_greuteri__DSC5859.jpg?t=1609165045\"\n\t\t\t\tstyle=\"max-height: 380px;\"\/>\n\t\t<\/a>\n\n\t\t\n\t\t<a href=\"https:\/\/www.orhideje-bk.eu\/wp-content\/gallery\/e_greuteri\/E_greuteri__DSC5965.jpg?t=1609165055\"\n\t\t\ttitle=\"\"\n\t\t\tdata-src=\"https:\/\/www.orhideje-bk.eu\/wp-content\/gallery\/e_greuteri\/E_greuteri__DSC5965.jpg?t=1609165055\"\n\t\t\tdata-thumbnail=\"https:\/\/www.orhideje-bk.eu\/wp-content\/gallery\/e_greuteri\/thumbs\/thumbs_E_greuteri__DSC5965.jpg?t=1609165055\"\n\t\t\tdata-image-id=\"1348\"\n\t\t\tdata-image-name=\"E_greuteri__DSC5965.jpg\"\n\t\t\tdata-title=\"E_greuteri\"\n\t\t\tdata-description=\"\"\n\t\t\t\t\t\t\t\t\t\t\t\t\t\t\tclass=\"ngg-simplelightbox\" rel=\"562b92f3c4126d1ff8500890dfa632f4\">\n\t\t\t\n\t\t\t<img data-image-id='1348'\n\t\t\t\ttitle=\"\"\n\t\t\t\talt=\"E_greuteri\"\n\t\t\t\tsrc=\"https:\/\/www.orhideje-bk.eu\/wp-content\/gallery\/e_greuteri\/E_greuteri__DSC5965.jpg?t=1609165055\"\n\t\t\t\tstyle=\"max-height: 380px;\"\/>\n\t\t<\/a>\n\n\t\t<\/div>\n\n\n<\/div>\n<\/div><\/div><\/div><\/div>","protected":false},"excerpt":{"rendered":"<p>Epipactis: Starogr\u0161ko ime epipaktis, ki ga je uporabil Teofrast za rastline, ki so imele lastnost, da sesirijo mleko. greuteri: Poimenovana v \u010dast Wernerju Greuterju, uglednemu \u0161vicarskemu botaniku. julij, avgust Je zelo redka in lokalna vrsta, ki raste v gorskih bukovo jelovih gozdovih v okolici Mirne gore. Lahko jo zamenjamo s \u0161irokolistno mo\u010dvirnico (Epipactis helleborine), ki [&hellip;]<\/p>\n","protected":false},"author":1,"featured_media":0,"parent":0,"menu_order":0,"comment_status":"closed","ping_status":"closed","template":"","meta":{"_acf_changed":false,"ngg_post_thumbnail":0,"footnotes":""},"class_list":["post-513","page","type-page","status-publish","hentry"],"acf":[],"_links":{"self":[{"href":"https:\/\/www.orhideje-bk.eu\/index.php?rest_route=\/wp\/v2\/pages\/513","targetHints":{"allow":["GET"]}}],"collection":[{"href":"https:\/\/www.orhideje-bk.eu\/index.php?rest_route=\/wp\/v2\/pages"}],"about":[{"href":"https:\/\/www.orhideje-bk.eu\/index.php?rest_route=\/wp\/v2\/types\/page"}],"author":[{"embeddable":true,"href":"https:\/\/www.orhideje-bk.eu\/index.php?rest_route=\/wp\/v2\/users\/1"}],"replies":[{"embeddable":true,"href":"https:\/\/www.orhideje-bk.eu\/index.php?rest_route=%2Fwp%2Fv2%2Fcomments&post=513"}],"version-history":[{"count":2,"href":"https:\/\/www.orhideje-bk.eu\/index.php?rest_route=\/wp\/v2\/pages\/513\/revisions"}],"predecessor-version":[{"id":6556,"href":"https:\/\/www.orhideje-bk.eu\/index.php?rest_route=\/wp\/v2\/pages\/513\/revisions\/6556"}],"wp:attachment":[{"href":"https:\/\/www.orhideje-bk.eu\/index.php?rest_route=%2Fwp%2Fv2%2Fmedia&parent=513"}],"curies":[{"name":"wp","href":"https:\/\/api.w.org\/{rel}","templated":true}]}}